{"id":22389,"date":"2025-07-04T16:49:54","date_gmt":"2025-07-04T19:49:54","guid":{"rendered":"https:\/\/volunteergreatermoncton.com\/services-a-la-famille\/"},"modified":"2025-07-13T10:17:29","modified_gmt":"2025-07-13T13:17:29","slug":"services-a-la-famille","status":"publish","type":"page","link":"https:\/\/volunteergreatermoncton.com\/fr\/services-a-la-famille\/","title":{"rendered":"Services \u00e0 la famille"},"content":{"rendered":"<p>[et_pb_section fb_built=\u00a0\u00bb1&Prime; _builder_version=\u00a0\u00bb4.27.4&Prime; background_image=\u00a0\u00bbhttps:\/\/volunteergreatermoncton.com\/wp-content\/uploads\/2019\/04\/slide-prog.jpg\u00a0\u00bb custom_padding=\u00a0\u00bb50px|0px|24px|0px|false|false\u00a0\u00bb bottom_divider_style=\u00a0\u00bbramp2&Prime; bottom_divider_color=\u00a0\u00bb#FFFFFF\u00a0\u00bb global_colors_info=\u00a0\u00bb{}\u00a0\u00bb][et_pb_row _builder_version=\u00a0\u00bb4.18.0&Prime; _module_preset=\u00a0\u00bbdefault\u00a0\u00bb global_colors_info=\u00a0\u00bb{}\u00a0\u00bb][et_pb_column type=\u00a0\u00bb4_4&Prime; _builder_version=\u00a0\u00bb4.18.0&Prime; _module_preset=\u00a0\u00bbdefault\u00a0\u00bb global_colors_info=\u00a0\u00bb{}\u00a0\u00bb][et_pb_text _builder_version=\u00a0\u00bb4.27.4&Prime; _module_preset=\u00a0\u00bbdefault\u00a0\u00bb text_font=\u00a0\u00bb|600|||||||\u00a0\u00bb header_text_align=\u00a0\u00bbcenter\u00a0\u00bb hover_enabled=\u00a0\u00bb0&Prime; global_colors_info=\u00a0\u00bb{}\u00a0\u00bb header_text_shadow_style=\u00a0\u00bbpreset1&Prime; sticky_enabled=\u00a0\u00bb0&Prime;]<\/p>\n<h1 style=\"color: #ffffff;\"><strong><span style=\"font-size: 150%;\">Services \u00e0 la famille<\/span><\/strong><br \/>\nCentre du b\u00e9n\u00e9volat du Sud-Est du Nouveau-Brunswick<\/h1>\n<p>[\/et_pb_text][\/et_pb_column][\/et_pb_row][\/et_pb_section][et_pb_section fb_built=\u00a0\u00bb1&Prime; _builder_version=\u00a0\u00bb4.27.4&Prime; background_color=\u00a0\u00bbRGBA(255,255,255,0)\u00a0\u00bb global_colors_info=\u00a0\u00bb{}\u00a0\u00bb][et_pb_row column_structure=\u00a0\u00bb1_4,1_2,1_4&Prime; admin_label=\u00a0\u00bbServices \u00e0 la famille\u00a0\u00bb module_id=\u00a0\u00bbfamily-support\u00a0\u00bb _builder_version=\u00a0\u00bb4.27.4&Prime; custom_padding=\u00a0\u00bb0|0px|26.4531px|0px|false|false\u00a0\u00bb global_colors_info=\u00a0\u00bb{}\u00a0\u00bb][et_pb_column type=\u00a0\u00bb1_4&Prime; _builder_version=\u00a0\u00bb4.27.4&Prime; background_enable_color=\u00a0\u00bboff\u00a0\u00bb custom_padding=\u00a0\u00bb11px|11px|11px|11px|true|true\u00a0\u00bb global_colors_info=\u00a0\u00bb{}\u00a0\u00bb custom_padding__hover=\u00a0\u00bb|||\u00a0\u00bb][\/et_pb_column][et_pb_column type=\u00a0\u00bb1_2&Prime; _builder_version=\u00a0\u00bb4.16&Prime; custom_padding=\u00a0\u00bb|||\u00a0\u00bb global_colors_info=\u00a0\u00bb{}\u00a0\u00bb custom_padding__hover=\u00a0\u00bb|||\u00a0\u00bb][et_pb_text _builder_version=\u00a0\u00bb4.23.1&Prime; custom_padding=\u00a0\u00bb||0px|||\u00a0\u00bb global_colors_info=\u00a0\u00bb{}\u00a0\u00bb]<\/p>\n<p><img loading=\"lazy\" decoding=\"async\" src=\"https:\/\/volunteergreatermoncton.com\/wp-content\/uploads\/2019\/04\/fss.jpg\" width=\"67\" height=\"70\" alt=\"\" class=\"wp-image-439 alignnone size-full\" scale=\"0\"><\/p>\n<h2><strong>SERVICES \u00c0 LA FAMILLE<\/strong><\/h2>\n<p>La philosophie des Services \u00e0 la Famille est que la famille constitue une unit\u00e9 fondamentale de la soci\u00e9t\u00e9. Le programme vise a prot\u00e9ger, \u00e0 appuyer et \u00e0 mettre en valeur l\u2019unit\u00e9 familiale. Cette philosophie est conforme \u00e0 la famille. Le soutien a domicile, les soins\/services de r\u00e9pit \u00e0 domicile pour les parents, les visites supervis\u00e9es, l\u2019aide individuelle, la formation professionnelle, le d\u00e9veloppement des habilet\u00e9s face aux activit\u00e9s quotidiennes et sociales de la client\u00e8le font partie des services offerts.<\/p>\n<p><strong>Shawnda Cohen<\/strong>, directrice du programme <strong>(506) 869-6772<\/strong><br \/><a href=\"mailto:s.cohen@volunteergreatermoncton.com\">s.cohen@volunteergreatermoncton.com<\/a><\/p>\n<p>[\/et_pb_text][\/et_pb_column][et_pb_column type=\u00a0\u00bb1_4&Prime; _builder_version=\u00a0\u00bb4.27.4&Prime; background_enable_color=\u00a0\u00bboff\u00a0\u00bb custom_padding=\u00a0\u00bb11px|11px|11px|11px|true|true\u00a0\u00bb global_colors_info=\u00a0\u00bb{}\u00a0\u00bb custom_padding__hover=\u00a0\u00bb|||\u00a0\u00bb][et_pb_text disabled_on=\u00a0\u00bbon|on|on\u00a0\u00bb _builder_version=\u00a0\u00bb4.27.4&Prime; text_font_size=\u00a0\u00bb14px\u00a0\u00bb text_line_height=\u00a0\u00bb1.4em\u00a0\u00bb min_height=\u00a0\u00bb176px\u00a0\u00bb disabled=\u00a0\u00bbon\u00a0\u00bb global_colors_info=\u00a0\u00bb{}\u00a0\u00bb]<strong>Community Support Worker <\/strong><strong>Positions Available<\/strong><\/p>\n<p>Family Support Services is now hiring qualified support workers (either part-time or full-time) to help support the community through strategic case plans tailored for each individual.<span> <\/span>Our clientele includes children, youth, and adults who have exceptionalities and special needs such as cognitive delays, physical disabilities, mental illness, behavioral issues, etc. as well as families in need of supervised visits, and home management &amp; parenting skills.<span> <\/span>Working hours include daytime, evening, and weekend.<\/p>\n<p><span><strong><a href=\"https:\/\/volunteergreatermoncton.com\/wp-content\/uploads\/2025\/02\/Employment-Advertisement.pdf\" title=\"Poste disponible\">Click here for more information<\/a><\/strong><\/span>[\/et_pb_text][\/et_pb_column][\/et_pb_row][\/et_pb_section][et_pb_section fb_built=\u00a0\u00bb1&Prime; _builder_version=\u00a0\u00bb4.27.4&Prime; _module_preset=\u00a0\u00bbdefault\u00a0\u00bb background_color=\u00a0\u00bb#336699&Prime; custom_padding=\u00a0\u00bb0px||0px||false|false\u00a0\u00bb global_module=\u00a0\u00bb22421&Prime; saved_tabs=\u00a0\u00bball\u00a0\u00bb locked=\u00a0\u00bboff\u00a0\u00bb global_colors_info=\u00a0\u00bb{}\u00a0\u00bb][et_pb_row column_structure=\u00a0\u00bb1_4,1_2,1_4&Prime; make_equal=\u00a0\u00bbon\u00a0\u00bb _builder_version=\u00a0\u00bb4.27.4&Prime; _module_preset=\u00a0\u00bbdefault\u00a0\u00bb custom_css_main_element=\u00a0\u00bb\t||align-items: center;\u00a0\u00bb custom_css_free_form=\u00a0\u00bb\t||\u00a0\u00bb global_colors_info=\u00a0\u00bb{}\u00a0\u00bb][et_pb_column type=\u00a0\u00bb1_4&Prime; _builder_version=\u00a0\u00bb4.27.4&Prime; _module_preset=\u00a0\u00bbdefault\u00a0\u00bb global_colors_info=\u00a0\u00bb{}\u00a0\u00bb][et_pb_image src=\u00a0\u00bbhttps:\/\/volunteergreatermoncton.com\/wp-content\/uploads\/2025\/07\/logoFichier-2VCSENB-White.png\u00a0\u00bb title_text=\u00a0\u00bblogoFichier 2VCSENB-White\u00a0\u00bb align=\u00a0\u00bbcenter\u00a0\u00bb _builder_version=\u00a0\u00bb4.27.4&Prime; _module_preset=\u00a0\u00bbdefault\u00a0\u00bb max_width=\u00a0\u00bb400px\u00a0\u00bb global_colors_info=\u00a0\u00bb{}\u00a0\u00bb][\/et_pb_image][\/et_pb_column][et_pb_column type=\u00a0\u00bb1_2&Prime; _builder_version=\u00a0\u00bb4.27.4&Prime; _module_preset=\u00a0\u00bbdefault\u00a0\u00bb global_colors_info=\u00a0\u00bb{}\u00a0\u00bb][et_pb_text _builder_version=\u00a0\u00bb4.27.4&Prime; _module_preset=\u00a0\u00bbdefault\u00a0\u00bb text_text_color=\u00a0\u00bb#FFFFFF\u00a0\u00bb text_line_height=\u00a0\u00bb1.4em\u00a0\u00bb header_3_font=\u00a0\u00bb|||on|||||\u00a0\u00bb header_3_text_align=\u00a0\u00bbcenter\u00a0\u00bb header_3_text_color=\u00a0\u00bb#FFFFFF\u00a0\u00bb header_3_font_size=\u00a0\u00bb16px\u00a0\u00bb text_orientation=\u00a0\u00bbcenter\u00a0\u00bb global_colors_info=\u00a0\u00bb{}\u00a0\u00bb]<\/p>\n<p><strong>Centre du b\u00e9n\u00e9volat du Sud-Est du Nouveau-Brunswick inc.<\/strong><br \/>795, rue Main, Suite 301, Moncton NB &#8211; E1C 1E9\u00a0 <strong>(506) 869-6977<\/strong><br \/><a style=\"color: #ffffff;\" href=\"mailto:d.leblanc@volunteergreatermoncton.com\">d.leblanc@volunteergreatermoncton.com<\/a><\/p>\n<p>[\/et_pb_text][\/et_pb_column][et_pb_column type=\u00a0\u00bb1_4&Prime; _builder_version=\u00a0\u00bb4.27.4&Prime; _module_preset=\u00a0\u00bbdefault\u00a0\u00bb global_colors_info=\u00a0\u00bb{}\u00a0\u00bb][et_pb_image src=\u00a0\u00bbhttps:\/\/volunteergreatermoncton.com\/wp-content\/uploads\/2025\/07\/CanaDon.png\u00a0\u00bb title_text=\u00a0\u00bbCanaDon\u00a0\u00bb url=\u00a0\u00bbhttps:\/\/www.canadahelps.org\/fr\/charities\/id\/23869\/\u00a0\u00bb show_bottom_space=\u00a0\u00bboff\u00a0\u00bb align=\u00a0\u00bbcenter\u00a0\u00bb _builder_version=\u00a0\u00bb4.27.4&Prime; _module_preset=\u00a0\u00bbdefault\u00a0\u00bb width=\u00a0\u00bb300px\u00a0\u00bb global_colors_info=\u00a0\u00bb{}\u00a0\u00bb][\/et_pb_image][et_pb_text _builder_version=\u00a0\u00bb4.27.4&Prime; _module_preset=\u00a0\u00bbdefault\u00a0\u00bb header_3_font=\u00a0\u00bb|||on|||||\u00a0\u00bb header_3_text_align=\u00a0\u00bbcenter\u00a0\u00bb header_3_text_color=\u00a0\u00bb#FFFFFF\u00a0\u00bb text_orientation=\u00a0\u00bbcenter\u00a0\u00bb custom_margin=\u00a0\u00bb0px||||false|false\u00a0\u00bb custom_padding=\u00a0\u00bb0px||||false|false\u00a0\u00bb link_option_url=\u00a0\u00bbhttps:\/\/www.canadahelps.org\/fr\/charities\/id\/23869\/\u00a0\u00bb global_colors_info=\u00a0\u00bb{}\u00a0\u00bb]<\/p>\n<h3>Faire un don<\/h3>\n<p>[\/et_pb_text][\/et_pb_column][\/et_pb_row][\/et_pb_section]<\/p>\n","protected":false},"excerpt":{"rendered":"<p>Services \u00e0 la famille Centre du b\u00e9n\u00e9volat du Sud-Est du Nouveau-Brunswick SERVICES \u00c0 LA FAMILLE La philosophie des Services \u00e0 la Famille est que la famille constitue une unit\u00e9 fondamentale [&hellip;]<\/p>\n","protected":false},"author":1,"featured_media":0,"parent":0,"menu_order":0,"comment_status":"closed","ping_status":"closed","template":"","meta":{"_et_pb_use_builder":"on","_et_pb_old_content":"","_et_gb_content_width":"","footnotes":""},"class_list":["post-22389","page","type-page","status-publish","hentry"],"yoast_head":"<!-- This site is optimized with the Yoast SEO plugin v27.4 - https:\/\/yoast.com\/product\/yoast-seo-wordpress\/ -->\n<title>Services \u00e0 la famille | Volunteer Centre of Southeastern New Brunswick | Centre du B\u00e9n\u00e9volat du Sud-Est du Nouveau-Brunswick inc.<\/title>\n<meta name=\"robots\" content=\"index, follow, max-snippet:-1, max-image-preview:large, max-video-preview:-1\" \/>\n<link rel=\"canonical\" href=\"https:\/\/volunteergreatermoncton.com\/fr\/services-a-la-famille\/\" \/>\n<meta property=\"og:locale\" content=\"fr_FR\" \/>\n<meta property=\"og:type\" content=\"article\" \/>\n<meta property=\"og:title\" content=\"Services \u00e0 la famille | Volunteer Centre of Southeastern New Brunswick | Centre du B\u00e9n\u00e9volat du Sud-Est du Nouveau-Brunswick inc.\" \/>\n<meta property=\"og:description\" content=\"Services \u00e0 la famille Centre du b\u00e9n\u00e9volat du Sud-Est du Nouveau-Brunswick SERVICES \u00c0 LA FAMILLE La philosophie des Services \u00e0 la Famille est que la famille constitue une unit\u00e9 fondamentale [&hellip;]\" \/>\n<meta property=\"og:url\" content=\"https:\/\/volunteergreatermoncton.com\/fr\/services-a-la-famille\/\" \/>\n<meta property=\"og:site_name\" content=\"Volunteer Centre of Southeastern New Brunswick | Centre du B\u00e9n\u00e9volat du Sud-Est du Nouveau-Brunswick inc.\" \/>\n<meta property=\"article:modified_time\" content=\"2025-07-13T13:17:29+00:00\" \/>\n<meta property=\"og:image\" content=\"https:\/\/volunteergreatermoncton.com\/wp-content\/uploads\/2019\/04\/logo-attend.jpg\" \/>\n\t<meta property=\"og:image:width\" content=\"114\" \/>\n\t<meta property=\"og:image:height\" content=\"64\" \/>\n\t<meta property=\"og:image:type\" content=\"image\/jpeg\" \/>\n<meta name=\"twitter:card\" content=\"summary_large_image\" \/>\n<meta name=\"twitter:label1\" content=\"Dur\u00e9e de lecture estim\u00e9e\" \/>\n\t<meta name=\"twitter:data1\" content=\"4 minutes\" \/>\n<script type=\"application\/ld+json\" class=\"yoast-schema-graph\">{\"@context\":\"https:\\\/\\\/schema.org\",\"@graph\":[{\"@type\":\"WebPage\",\"@id\":\"https:\\\/\\\/volunteergreatermoncton.com\\\/fr\\\/services-a-la-famille\\\/\",\"url\":\"https:\\\/\\\/volunteergreatermoncton.com\\\/fr\\\/services-a-la-famille\\\/\",\"name\":\"Services \u00e0 la famille | Volunteer Centre of Southeastern New Brunswick | Centre du B\u00e9n\u00e9volat du Sud-Est du Nouveau-Brunswick inc.\",\"isPartOf\":{\"@id\":\"https:\\\/\\\/volunteergreatermoncton.com\\\/fr\\\/#website\"},\"primaryImageOfPage\":{\"@id\":\"https:\\\/\\\/volunteergreatermoncton.com\\\/fr\\\/services-a-la-famille\\\/#primaryimage\"},\"image\":{\"@id\":\"https:\\\/\\\/volunteergreatermoncton.com\\\/fr\\\/services-a-la-famille\\\/#primaryimage\"},\"thumbnailUrl\":\"https:\\\/\\\/volunteergreatermoncton.com\\\/wp-content\\\/uploads\\\/2019\\\/04\\\/fss.jpg\",\"datePublished\":\"2025-07-04T19:49:54+00:00\",\"dateModified\":\"2025-07-13T13:17:29+00:00\",\"breadcrumb\":{\"@id\":\"https:\\\/\\\/volunteergreatermoncton.com\\\/fr\\\/services-a-la-famille\\\/#breadcrumb\"},\"inLanguage\":\"fr-FR\",\"potentialAction\":[{\"@type\":\"ReadAction\",\"target\":[\"https:\\\/\\\/volunteergreatermoncton.com\\\/fr\\\/services-a-la-famille\\\/\"]}]},{\"@type\":\"ImageObject\",\"inLanguage\":\"fr-FR\",\"@id\":\"https:\\\/\\\/volunteergreatermoncton.com\\\/fr\\\/services-a-la-famille\\\/#primaryimage\",\"url\":\"https:\\\/\\\/volunteergreatermoncton.com\\\/wp-content\\\/uploads\\\/2019\\\/04\\\/fss.jpg\",\"contentUrl\":\"https:\\\/\\\/volunteergreatermoncton.com\\\/wp-content\\\/uploads\\\/2019\\\/04\\\/fss.jpg\"},{\"@type\":\"BreadcrumbList\",\"@id\":\"https:\\\/\\\/volunteergreatermoncton.com\\\/fr\\\/services-a-la-famille\\\/#breadcrumb\",\"itemListElement\":[{\"@type\":\"ListItem\",\"position\":1,\"name\":\"Home\",\"item\":\"https:\\\/\\\/volunteergreatermoncton.com\\\/fr\\\/\"},{\"@type\":\"ListItem\",\"position\":2,\"name\":\"Services \u00e0 la famille\"}]},{\"@type\":\"WebSite\",\"@id\":\"https:\\\/\\\/volunteergreatermoncton.com\\\/fr\\\/#website\",\"url\":\"https:\\\/\\\/volunteergreatermoncton.com\\\/fr\\\/\",\"name\":\"Volunteer Centre of Southeastern New Brunswick | Centre du B\u00e9n\u00e9volat du Sud-Est du Nouveau-Brunswick inc.\",\"description\":\"Volunteer Centre of Southeastern New Brunswick\",\"publisher\":{\"@id\":\"https:\\\/\\\/volunteergreatermoncton.com\\\/fr\\\/#organization\"},\"potentialAction\":[{\"@type\":\"SearchAction\",\"target\":{\"@type\":\"EntryPoint\",\"urlTemplate\":\"https:\\\/\\\/volunteergreatermoncton.com\\\/fr\\\/?s={search_term_string}\"},\"query-input\":{\"@type\":\"PropertyValueSpecification\",\"valueRequired\":true,\"valueName\":\"search_term_string\"}}],\"inLanguage\":\"fr-FR\"},{\"@type\":\"Organization\",\"@id\":\"https:\\\/\\\/volunteergreatermoncton.com\\\/fr\\\/#organization\",\"name\":\"Volunteer Centre of Southeastern New Brunswick\",\"url\":\"https:\\\/\\\/volunteergreatermoncton.com\\\/fr\\\/\",\"logo\":{\"@type\":\"ImageObject\",\"inLanguage\":\"fr-FR\",\"@id\":\"https:\\\/\\\/volunteergreatermoncton.com\\\/fr\\\/#\\\/schema\\\/logo\\\/image\\\/\",\"url\":\"https:\\\/\\\/i1.wp.com\\\/volunteergreatermoncton.com\\\/wp-content\\\/uploads\\\/2019\\\/04\\\/volunteer-logo.png?fit=269%2C221&ssl=1\",\"contentUrl\":\"https:\\\/\\\/i1.wp.com\\\/volunteergreatermoncton.com\\\/wp-content\\\/uploads\\\/2019\\\/04\\\/volunteer-logo.png?fit=269%2C221&ssl=1\",\"width\":269,\"height\":221,\"caption\":\"Volunteer Centre of Southeastern New Brunswick\"},\"image\":{\"@id\":\"https:\\\/\\\/volunteergreatermoncton.com\\\/fr\\\/#\\\/schema\\\/logo\\\/image\\\/\"}}]}<\/script>\n<!-- \/ Yoast SEO plugin. -->","yoast_head_json":{"title":"Services \u00e0 la famille | Volunteer Centre of Southeastern New Brunswick | Centre du B\u00e9n\u00e9volat du Sud-Est du Nouveau-Brunswick inc.","robots":{"index":"index","follow":"follow","max-snippet":"max-snippet:-1","max-image-preview":"max-image-preview:large","max-video-preview":"max-video-preview:-1"},"canonical":"https:\/\/volunteergreatermoncton.com\/fr\/services-a-la-famille\/","og_locale":"fr_FR","og_type":"article","og_title":"Services \u00e0 la famille | Volunteer Centre of Southeastern New Brunswick | Centre du B\u00e9n\u00e9volat du Sud-Est du Nouveau-Brunswick inc.","og_description":"Services \u00e0 la famille Centre du b\u00e9n\u00e9volat du Sud-Est du Nouveau-Brunswick SERVICES \u00c0 LA FAMILLE La philosophie des Services \u00e0 la Famille est que la famille constitue une unit\u00e9 fondamentale [&hellip;]","og_url":"https:\/\/volunteergreatermoncton.com\/fr\/services-a-la-famille\/","og_site_name":"Volunteer Centre of Southeastern New Brunswick | Centre du B\u00e9n\u00e9volat du Sud-Est du Nouveau-Brunswick inc.","article_modified_time":"2025-07-13T13:17:29+00:00","og_image":[{"width":114,"height":64,"url":"https:\/\/volunteergreatermoncton.com\/wp-content\/uploads\/2019\/04\/logo-attend.jpg","type":"image\/jpeg"}],"twitter_card":"summary_large_image","twitter_misc":{"Dur\u00e9e de lecture estim\u00e9e":"4 minutes"},"schema":{"@context":"https:\/\/schema.org","@graph":[{"@type":"WebPage","@id":"https:\/\/volunteergreatermoncton.com\/fr\/services-a-la-famille\/","url":"https:\/\/volunteergreatermoncton.com\/fr\/services-a-la-famille\/","name":"Services \u00e0 la famille | Volunteer Centre of Southeastern New Brunswick | Centre du B\u00e9n\u00e9volat du Sud-Est du Nouveau-Brunswick inc.","isPartOf":{"@id":"https:\/\/volunteergreatermoncton.com\/fr\/#website"},"primaryImageOfPage":{"@id":"https:\/\/volunteergreatermoncton.com\/fr\/services-a-la-famille\/#primaryimage"},"image":{"@id":"https:\/\/volunteergreatermoncton.com\/fr\/services-a-la-famille\/#primaryimage"},"thumbnailUrl":"https:\/\/volunteergreatermoncton.com\/wp-content\/uploads\/2019\/04\/fss.jpg","datePublished":"2025-07-04T19:49:54+00:00","dateModified":"2025-07-13T13:17:29+00:00","breadcrumb":{"@id":"https:\/\/volunteergreatermoncton.com\/fr\/services-a-la-famille\/#breadcrumb"},"inLanguage":"fr-FR","potentialAction":[{"@type":"ReadAction","target":["https:\/\/volunteergreatermoncton.com\/fr\/services-a-la-famille\/"]}]},{"@type":"ImageObject","inLanguage":"fr-FR","@id":"https:\/\/volunteergreatermoncton.com\/fr\/services-a-la-famille\/#primaryimage","url":"https:\/\/volunteergreatermoncton.com\/wp-content\/uploads\/2019\/04\/fss.jpg","contentUrl":"https:\/\/volunteergreatermoncton.com\/wp-content\/uploads\/2019\/04\/fss.jpg"},{"@type":"BreadcrumbList","@id":"https:\/\/volunteergreatermoncton.com\/fr\/services-a-la-famille\/#breadcrumb","itemListElement":[{"@type":"ListItem","position":1,"name":"Home","item":"https:\/\/volunteergreatermoncton.com\/fr\/"},{"@type":"ListItem","position":2,"name":"Services \u00e0 la famille"}]},{"@type":"WebSite","@id":"https:\/\/volunteergreatermoncton.com\/fr\/#website","url":"https:\/\/volunteergreatermoncton.com\/fr\/","name":"Volunteer Centre of Southeastern New Brunswick | Centre du B\u00e9n\u00e9volat du Sud-Est du Nouveau-Brunswick inc.","description":"Volunteer Centre of Southeastern New Brunswick","publisher":{"@id":"https:\/\/volunteergreatermoncton.com\/fr\/#organization"},"potentialAction":[{"@type":"SearchAction","target":{"@type":"EntryPoint","urlTemplate":"https:\/\/volunteergreatermoncton.com\/fr\/?s={search_term_string}"},"query-input":{"@type":"PropertyValueSpecification","valueRequired":true,"valueName":"search_term_string"}}],"inLanguage":"fr-FR"},{"@type":"Organization","@id":"https:\/\/volunteergreatermoncton.com\/fr\/#organization","name":"Volunteer Centre of Southeastern New Brunswick","url":"https:\/\/volunteergreatermoncton.com\/fr\/","logo":{"@type":"ImageObject","inLanguage":"fr-FR","@id":"https:\/\/volunteergreatermoncton.com\/fr\/#\/schema\/logo\/image\/","url":"https:\/\/i1.wp.com\/volunteergreatermoncton.com\/wp-content\/uploads\/2019\/04\/volunteer-logo.png?fit=269%2C221&ssl=1","contentUrl":"https:\/\/i1.wp.com\/volunteergreatermoncton.com\/wp-content\/uploads\/2019\/04\/volunteer-logo.png?fit=269%2C221&ssl=1","width":269,"height":221,"caption":"Volunteer Centre of Southeastern New Brunswick"},"image":{"@id":"https:\/\/volunteergreatermoncton.com\/fr\/#\/schema\/logo\/image\/"}}]}},"_links":{"self":[{"href":"https:\/\/volunteergreatermoncton.com\/fr\/wp-json\/wp\/v2\/pages\/22389","targetHints":{"allow":["GET"]}}],"collection":[{"href":"https:\/\/volunteergreatermoncton.com\/fr\/wp-json\/wp\/v2\/pages"}],"about":[{"href":"https:\/\/volunteergreatermoncton.com\/fr\/wp-json\/wp\/v2\/types\/page"}],"author":[{"embeddable":true,"href":"https:\/\/volunteergreatermoncton.com\/fr\/wp-json\/wp\/v2\/users\/1"}],"replies":[{"embeddable":true,"href":"https:\/\/volunteergreatermoncton.com\/fr\/wp-json\/wp\/v2\/comments?post=22389"}],"version-history":[{"count":7,"href":"https:\/\/volunteergreatermoncton.com\/fr\/wp-json\/wp\/v2\/pages\/22389\/revisions"}],"predecessor-version":[{"id":23167,"href":"https:\/\/volunteergreatermoncton.com\/fr\/wp-json\/wp\/v2\/pages\/22389\/revisions\/23167"}],"wp:attachment":[{"href":"https:\/\/volunteergreatermoncton.com\/fr\/wp-json\/wp\/v2\/media?parent=22389"}],"curies":[{"name":"wp","href":"https:\/\/api.w.org\/{rel}","templated":true}]}}