{"id":22395,"date":"2025-07-04T17:09:19","date_gmt":"2025-07-04T20:09:19","guid":{"rendered":"https:\/\/volunteergreatermoncton.com\/programme-conducteurs-trices\/"},"modified":"2025-07-16T17:05:29","modified_gmt":"2025-07-16T20:05:29","slug":"programme-conducteurs-trices","status":"publish","type":"page","link":"https:\/\/volunteergreatermoncton.com\/fr\/programme-conducteurs-trices\/","title":{"rendered":"Programme conducteurs (trices)"},"content":{"rendered":"<p>[et_pb_section fb_built=\u00a0\u00bb1&Prime; next_background_color=\u00a0\u00bb#FFFFFF\u00a0\u00bb _builder_version=\u00a0\u00bb4.27.4&Prime; background_image=\u00a0\u00bbhttps:\/\/volunteergreatermoncton.com\/wp-content\/uploads\/2025\/07\/drivers-fred-kinder-1.jpg\u00a0\u00bb custom_padding=\u00a0\u00bb50px|0px|24px|0px|false|false\u00a0\u00bb bottom_divider_style=\u00a0\u00bbramp2&Prime; global_colors_info=\u00a0\u00bb{}\u00a0\u00bb][et_pb_row _builder_version=\u00a0\u00bb4.18.0&Prime; _module_preset=\u00a0\u00bbdefault\u00a0\u00bb global_colors_info=\u00a0\u00bb{}\u00a0\u00bb][et_pb_column type=\u00a0\u00bb4_4&Prime; _builder_version=\u00a0\u00bb4.18.0&Prime; _module_preset=\u00a0\u00bbdefault\u00a0\u00bb global_colors_info=\u00a0\u00bb{}\u00a0\u00bb][et_pb_text _builder_version=\u00a0\u00bb4.27.4&Prime; _module_preset=\u00a0\u00bbdefault\u00a0\u00bb text_font=\u00a0\u00bb|600|||||||\u00a0\u00bb header_text_align=\u00a0\u00bbcenter\u00a0\u00bb hover_enabled=\u00a0\u00bb0&Prime; header_text_shadow_style=\u00a0\u00bbpreset1&Prime; locked=\u00a0\u00bboff\u00a0\u00bb global_colors_info=\u00a0\u00bb{}\u00a0\u00bb sticky_enabled=\u00a0\u00bb0&Prime;]<\/p>\n<h1 style=\"color: #ffffff;\"><strong><span style=\"font-size: 150%;\">B\u00e9n\u00e9volat communautaire | Programme conducteurs (trices) <\/span><\/strong><br \/>\nCentre du b\u00e9n\u00e9volat du Sud-Est du Nouveau-Brunswick<\/h1>\n<p>[\/et_pb_text][\/et_pb_column][\/et_pb_row][\/et_pb_section][et_pb_section fb_built=\u00a0\u00bb1&Prime; _builder_version=\u00a0\u00bb4.27.4&Prime; background_color=\u00a0\u00bb#FFFFFF\u00a0\u00bb global_colors_info=\u00a0\u00bb{}\u00a0\u00bb][et_pb_row admin_label=\u00a0\u00bbdriver\u00a0\u00bb module_id=\u00a0\u00bbdriver\u00a0\u00bb _builder_version=\u00a0\u00bb4.18.0&Prime; custom_padding=\u00a0\u00bb0|0px|26.4531px|0px|false|false\u00a0\u00bb global_colors_info=\u00a0\u00bb{}\u00a0\u00bb][et_pb_column type=\u00a0\u00bb4_4&Prime; _builder_version=\u00a0\u00bb4.16&Prime; custom_padding=\u00a0\u00bb0px||0px||false|false\u00a0\u00bb global_colors_info=\u00a0\u00bb{}\u00a0\u00bb custom_padding__hover=\u00a0\u00bb|||\u00a0\u00bb][et_pb_text _builder_version=\u00a0\u00bb4.27.4&Prime; custom_margin=\u00a0\u00bb0px||||false|false\u00a0\u00bb custom_padding=\u00a0\u00bb0px||||false|false\u00a0\u00bb global_colors_info=\u00a0\u00bb{}\u00a0\u00bb]<\/p>\n<p><img loading=\"lazy\" decoding=\"async\" src=\"https:\/\/volunteergreatermoncton.com\/wp-content\/uploads\/2021\/08\/image-urr.png \" width=\"116\" height=\"86\" alt=\"\" class=\"wp-image-439 alignnone size-full\" scale=\"0\" \/><img loading=\"lazy\" decoding=\"async\" src=\"https:\/\/volunteergreatermoncton.com\/wp-content\/uploads\/2025\/07\/Fichier-5logo-picto.png\" width=\"88\" height=\"88\" alt=\"\" class=\"wp-image-23176 alignnone size-full\" \/><\/p>\n<h2><strong>B\u00c9N\u00c9VOLAT COMMUNAUTAIRE \/ PROGRAMME CONDUCTEURS (TRICES) Transport Urbain\/Rural <\/strong><\/h2>\n<p>Si vous \u00eates int\u00e9ress\u00e9s \u00e0 devenir b\u00e9n\u00e9vole, sachez que le Centre recrute et r\u00e9f\u00e8re des b\u00e9n\u00e9voles \u00e0 plus de 150 agences \u00e0 vocation communautaire.<\/p>\n<p>Les clients admissibles qui ont besoin d\u2019un moyen de transport peuvent maintenant recevoir des services gr\u00e2ce \u00e0 ce programme. Programme de conducteurs et de conductrices b\u00e9n\u00e9voles est offert aux gens \u00e0 faible revenues qui ne peuvent qualifier pour les autres programmes de transport disponibles dans la communaut\u00e9. Ce programme de transport vise les clients qui ont \u00e9t\u00e9 r\u00e9f\u00e9r\u00e9s par des agences ou organismes enregistr\u00e9, diff\u00e9rents services m\u00e9dicaux ou par les services familiaux et communautaires. Gr\u00e2ce Programme de conducteurs et de conductrices b\u00e9n\u00e9voles il est possible pour les clients de se rendre chez le m\u00e9decin, de suivre des sessions de th\u00e9rapie et de participer \u00e0 des groupes d\u2019entraide.<\/p>\n<p>Vous avez besoin de ce service? <strong><a href=\"https:\/\/forms.office.com\/pages\/responsepage.aspx?id=i_HfLtAYq0-0ZF4gusAjTA9ZOEMNfL5AuYVFpl5VUKBUMURMOERTVU4wQVJLUUZGOE5ORlA0QVJLUC4u\">FORMULAIRE DE DEMANDE DE TRANSPORT<\/a><\/strong>. T\u00e9l\u00e9chargez et faite nous parvenir le formulaire compl\u00e9t\u00e9.<\/p>\n<p>Vous voulez offrir vos services comme conducteur(trice)? <strong><a href=\"https:\/\/forms.office.com\/pages\/responsepage.aspx?id=i_HfLtAYq0-0ZF4gusAjTA9ZOEMNfL5AuYVFpl5VUKBUNlI3Q0xHUDhBTjgyWjhHTktaOEowT0VUWC4u\">FORMULAIRE DE DEMANDE DE CONDUCTEUR(TRICE) B\u00c9N\u00c9VOLE<\/a><\/strong>. T\u00e9l\u00e9chargez-le et faite nous parvenir le formulaire compl\u00e9t\u00e9.<\/p>\n<p>T\u00e9l\u00e9chargez le la brochure du <strong><a href=\"https:\/\/volunteergreatermoncton.com\/wp-content\/uploads\/2023\/09\/urbanrural-rides-FR-Brochure-Revised-January-2023-final-copy.pdf\">PROGRAMME DE CONDUCTEURS(TRICES) B\u00c9N\u00c9VOLES<\/a><\/strong> pour plus d\u2019information information<\/p>\n<p><strong>Debbi LeBlanc\u00a0<\/strong><br \/>Coordinatrice des b\u00e9n\u00e9voles pour le centre du b\u00e9n\u00e9volat<br \/>Administratrice du programme Transport Urbain \/Rural<br \/><strong>(506) 869-6905<\/strong><br \/><a href=\"mailto:d.leblanc@volunteergreatermoncton.com\">d.leblanc@volunteergreatermoncton.com<\/a><\/p>\n<p>&nbsp;<\/p>\n<p>[\/et_pb_text][\/et_pb_column][\/et_pb_row][\/et_pb_section][et_pb_section fb_built=\u00a0\u00bb1&Prime; _builder_version=\u00a0\u00bb4.27.4&Prime; _module_preset=\u00a0\u00bbdefault\u00a0\u00bb background_color=\u00a0\u00bb#336699&Prime; custom_padding=\u00a0\u00bb0px||0px||false|false\u00a0\u00bb global_module=\u00a0\u00bb22421&Prime; saved_tabs=\u00a0\u00bball\u00a0\u00bb locked=\u00a0\u00bboff\u00a0\u00bb global_colors_info=\u00a0\u00bb{}\u00a0\u00bb][et_pb_row column_structure=\u00a0\u00bb1_4,1_2,1_4&Prime; make_equal=\u00a0\u00bbon\u00a0\u00bb _builder_version=\u00a0\u00bb4.27.4&Prime; _module_preset=\u00a0\u00bbdefault\u00a0\u00bb custom_css_main_element=\u00a0\u00bb\t||align-items: center;\u00a0\u00bb custom_css_free_form=\u00a0\u00bb\t||\u00a0\u00bb global_colors_info=\u00a0\u00bb{}\u00a0\u00bb][et_pb_column type=\u00a0\u00bb1_4&Prime; _builder_version=\u00a0\u00bb4.27.4&Prime; _module_preset=\u00a0\u00bbdefault\u00a0\u00bb global_colors_info=\u00a0\u00bb{}\u00a0\u00bb][et_pb_image src=\u00a0\u00bbhttps:\/\/volunteergreatermoncton.com\/wp-content\/uploads\/2025\/07\/logoFichier-2VCSENB-White.png\u00a0\u00bb title_text=\u00a0\u00bblogoFichier 2VCSENB-White\u00a0\u00bb align=\u00a0\u00bbcenter\u00a0\u00bb _builder_version=\u00a0\u00bb4.27.4&Prime; _module_preset=\u00a0\u00bbdefault\u00a0\u00bb max_width=\u00a0\u00bb400px\u00a0\u00bb global_colors_info=\u00a0\u00bb{}\u00a0\u00bb][\/et_pb_image][\/et_pb_column][et_pb_column type=\u00a0\u00bb1_2&Prime; _builder_version=\u00a0\u00bb4.27.4&Prime; _module_preset=\u00a0\u00bbdefault\u00a0\u00bb global_colors_info=\u00a0\u00bb{}\u00a0\u00bb][et_pb_text _builder_version=\u00a0\u00bb4.27.4&Prime; _module_preset=\u00a0\u00bbdefault\u00a0\u00bb text_text_color=\u00a0\u00bb#FFFFFF\u00a0\u00bb text_line_height=\u00a0\u00bb1.4em\u00a0\u00bb header_3_font=\u00a0\u00bb|||on|||||\u00a0\u00bb header_3_text_align=\u00a0\u00bbcenter\u00a0\u00bb header_3_text_color=\u00a0\u00bb#FFFFFF\u00a0\u00bb header_3_font_size=\u00a0\u00bb16px\u00a0\u00bb text_orientation=\u00a0\u00bbcenter\u00a0\u00bb global_colors_info=\u00a0\u00bb{}\u00a0\u00bb]<\/p>\n<p><strong>Centre du b\u00e9n\u00e9volat du Sud-Est du Nouveau-Brunswick inc.<\/strong><br \/>795, rue Main, Suite 301, Moncton NB &#8211; E1C 1E9\u00a0 <strong>(506) 869-6977<\/strong><br \/><a style=\"color: #ffffff;\" href=\"mailto:d.leblanc@volunteergreatermoncton.com\">d.leblanc@volunteergreatermoncton.com<\/a><\/p>\n<p>[\/et_pb_text][\/et_pb_column][et_pb_column type=\u00a0\u00bb1_4&Prime; _builder_version=\u00a0\u00bb4.27.4&Prime; _module_preset=\u00a0\u00bbdefault\u00a0\u00bb global_colors_info=\u00a0\u00bb{}\u00a0\u00bb][et_pb_image src=\u00a0\u00bbhttps:\/\/volunteergreatermoncton.com\/wp-content\/uploads\/2025\/07\/CanaDon.png\u00a0\u00bb title_text=\u00a0\u00bbCanaDon\u00a0\u00bb url=\u00a0\u00bbhttps:\/\/www.canadahelps.org\/fr\/charities\/id\/23869\/\u00a0\u00bb show_bottom_space=\u00a0\u00bboff\u00a0\u00bb align=\u00a0\u00bbcenter\u00a0\u00bb _builder_version=\u00a0\u00bb4.27.4&Prime; _module_preset=\u00a0\u00bbdefault\u00a0\u00bb width=\u00a0\u00bb300px\u00a0\u00bb global_colors_info=\u00a0\u00bb{}\u00a0\u00bb][\/et_pb_image][et_pb_text _builder_version=\u00a0\u00bb4.27.4&Prime; _module_preset=\u00a0\u00bbdefault\u00a0\u00bb header_3_font=\u00a0\u00bb|||on|||||\u00a0\u00bb header_3_text_align=\u00a0\u00bbcenter\u00a0\u00bb header_3_text_color=\u00a0\u00bb#FFFFFF\u00a0\u00bb text_orientation=\u00a0\u00bbcenter\u00a0\u00bb custom_margin=\u00a0\u00bb0px||||false|false\u00a0\u00bb custom_padding=\u00a0\u00bb0px||||false|false\u00a0\u00bb link_option_url=\u00a0\u00bbhttps:\/\/www.canadahelps.org\/fr\/charities\/id\/23869\/\u00a0\u00bb global_colors_info=\u00a0\u00bb{}\u00a0\u00bb]<\/p>\n<h3>Faire un don<\/h3>\n<p>[\/et_pb_text][\/et_pb_column][\/et_pb_row][\/et_pb_section]<\/p>\n","protected":false},"excerpt":{"rendered":"<p>B\u00e9n\u00e9volat communautaire | Programme conducteurs (trices) Centre du b\u00e9n\u00e9volat du Sud-Est du Nouveau-Brunswick B\u00c9N\u00c9VOLAT COMMUNAUTAIRE \/ PROGRAMME CONDUCTEURS (TRICES) Transport Urbain\/Rural Si vous \u00eates int\u00e9ress\u00e9s \u00e0 devenir b\u00e9n\u00e9vole, sachez que [&hellip;]<\/p>\n","protected":false},"author":1,"featured_media":0,"parent":0,"menu_order":0,"comment_status":"closed","ping_status":"closed","template":"","meta":{"_et_pb_use_builder":"on","_et_pb_old_content":"","_et_gb_content_width":"","footnotes":""},"class_list":["post-22395","page","type-page","status-publish","hentry"],"yoast_head":"<!-- This site is optimized with the Yoast SEO plugin v27.3 - https:\/\/yoast.com\/product\/yoast-seo-wordpress\/ -->\n<title>Programme conducteurs (trices) | Volunteer Centre of Southeastern New Brunswick | Centre du B\u00e9n\u00e9volat du Sud-Est du Nouveau-Brunswick inc.<\/title>\n<meta name=\"robots\" content=\"index, follow, max-snippet:-1, max-image-preview:large, max-video-preview:-1\" \/>\n<link rel=\"canonical\" href=\"https:\/\/volunteergreatermoncton.com\/fr\/programme-conducteurs-trices\/\" \/>\n<meta property=\"og:locale\" content=\"fr_FR\" \/>\n<meta property=\"og:type\" content=\"article\" \/>\n<meta property=\"og:title\" content=\"Programme conducteurs (trices) | Volunteer Centre of Southeastern New Brunswick | Centre du B\u00e9n\u00e9volat du Sud-Est du Nouveau-Brunswick inc.\" \/>\n<meta property=\"og:description\" content=\"B\u00e9n\u00e9volat communautaire | Programme conducteurs (trices) Centre du b\u00e9n\u00e9volat du Sud-Est du Nouveau-Brunswick B\u00c9N\u00c9VOLAT COMMUNAUTAIRE \/ PROGRAMME CONDUCTEURS (TRICES) Transport Urbain\/Rural Si vous \u00eates int\u00e9ress\u00e9s \u00e0 devenir b\u00e9n\u00e9vole, sachez que [&hellip;]\" \/>\n<meta property=\"og:url\" content=\"https:\/\/volunteergreatermoncton.com\/fr\/programme-conducteurs-trices\/\" \/>\n<meta property=\"og:site_name\" content=\"Volunteer Centre of Southeastern New Brunswick | Centre du B\u00e9n\u00e9volat du Sud-Est du Nouveau-Brunswick inc.\" \/>\n<meta property=\"article:modified_time\" content=\"2025-07-16T20:05:29+00:00\" \/>\n<meta property=\"og:image\" content=\"https:\/\/volunteergreatermoncton.com\/wp-content\/uploads\/2025\/07\/Fichier-5logo-picto.png\" \/>\n<meta name=\"twitter:card\" content=\"summary_large_image\" \/>\n<meta name=\"twitter:label1\" content=\"Dur\u00e9e de lecture estim\u00e9e\" \/>\n\t<meta name=\"twitter:data1\" content=\"4 minutes\" \/>\n<script type=\"application\/ld+json\" class=\"yoast-schema-graph\">{\"@context\":\"https:\\\/\\\/schema.org\",\"@graph\":[{\"@type\":\"WebPage\",\"@id\":\"https:\\\/\\\/volunteergreatermoncton.com\\\/fr\\\/programme-conducteurs-trices\\\/\",\"url\":\"https:\\\/\\\/volunteergreatermoncton.com\\\/fr\\\/programme-conducteurs-trices\\\/\",\"name\":\"Programme conducteurs (trices) | Volunteer Centre of Southeastern New Brunswick | Centre du B\u00e9n\u00e9volat du Sud-Est du Nouveau-Brunswick inc.\",\"isPartOf\":{\"@id\":\"https:\\\/\\\/volunteergreatermoncton.com\\\/fr\\\/#website\"},\"primaryImageOfPage\":{\"@id\":\"https:\\\/\\\/volunteergreatermoncton.com\\\/fr\\\/programme-conducteurs-trices\\\/#primaryimage\"},\"image\":{\"@id\":\"https:\\\/\\\/volunteergreatermoncton.com\\\/fr\\\/programme-conducteurs-trices\\\/#primaryimage\"},\"thumbnailUrl\":\"https:\\\/\\\/volunteergreatermoncton.com\\\/wp-content\\\/uploads\\\/2025\\\/07\\\/Fichier-5logo-picto.png\",\"datePublished\":\"2025-07-04T20:09:19+00:00\",\"dateModified\":\"2025-07-16T20:05:29+00:00\",\"breadcrumb\":{\"@id\":\"https:\\\/\\\/volunteergreatermoncton.com\\\/fr\\\/programme-conducteurs-trices\\\/#breadcrumb\"},\"inLanguage\":\"fr-FR\",\"potentialAction\":[{\"@type\":\"ReadAction\",\"target\":[\"https:\\\/\\\/volunteergreatermoncton.com\\\/fr\\\/programme-conducteurs-trices\\\/\"]}]},{\"@type\":\"ImageObject\",\"inLanguage\":\"fr-FR\",\"@id\":\"https:\\\/\\\/volunteergreatermoncton.com\\\/fr\\\/programme-conducteurs-trices\\\/#primaryimage\",\"url\":\"https:\\\/\\\/volunteergreatermoncton.com\\\/wp-content\\\/uploads\\\/2025\\\/07\\\/Fichier-5logo-picto.png\",\"contentUrl\":\"https:\\\/\\\/volunteergreatermoncton.com\\\/wp-content\\\/uploads\\\/2025\\\/07\\\/Fichier-5logo-picto.png\"},{\"@type\":\"BreadcrumbList\",\"@id\":\"https:\\\/\\\/volunteergreatermoncton.com\\\/fr\\\/programme-conducteurs-trices\\\/#breadcrumb\",\"itemListElement\":[{\"@type\":\"ListItem\",\"position\":1,\"name\":\"Home\",\"item\":\"https:\\\/\\\/volunteergreatermoncton.com\\\/fr\\\/\"},{\"@type\":\"ListItem\",\"position\":2,\"name\":\"Programme conducteurs (trices)\"}]},{\"@type\":\"WebSite\",\"@id\":\"https:\\\/\\\/volunteergreatermoncton.com\\\/fr\\\/#website\",\"url\":\"https:\\\/\\\/volunteergreatermoncton.com\\\/fr\\\/\",\"name\":\"Volunteer Centre of Southeastern New Brunswick | Centre du B\u00e9n\u00e9volat du Sud-Est du Nouveau-Brunswick inc.\",\"description\":\"Volunteer Centre of Southeastern New Brunswick\",\"publisher\":{\"@id\":\"https:\\\/\\\/volunteergreatermoncton.com\\\/fr\\\/#organization\"},\"potentialAction\":[{\"@type\":\"SearchAction\",\"target\":{\"@type\":\"EntryPoint\",\"urlTemplate\":\"https:\\\/\\\/volunteergreatermoncton.com\\\/fr\\\/?s={search_term_string}\"},\"query-input\":{\"@type\":\"PropertyValueSpecification\",\"valueRequired\":true,\"valueName\":\"search_term_string\"}}],\"inLanguage\":\"fr-FR\"},{\"@type\":\"Organization\",\"@id\":\"https:\\\/\\\/volunteergreatermoncton.com\\\/fr\\\/#organization\",\"name\":\"Volunteer Centre of Southeastern New Brunswick\",\"url\":\"https:\\\/\\\/volunteergreatermoncton.com\\\/fr\\\/\",\"logo\":{\"@type\":\"ImageObject\",\"inLanguage\":\"fr-FR\",\"@id\":\"https:\\\/\\\/volunteergreatermoncton.com\\\/fr\\\/#\\\/schema\\\/logo\\\/image\\\/\",\"url\":\"https:\\\/\\\/i1.wp.com\\\/volunteergreatermoncton.com\\\/wp-content\\\/uploads\\\/2019\\\/04\\\/volunteer-logo.png?fit=269%2C221&ssl=1\",\"contentUrl\":\"https:\\\/\\\/i1.wp.com\\\/volunteergreatermoncton.com\\\/wp-content\\\/uploads\\\/2019\\\/04\\\/volunteer-logo.png?fit=269%2C221&ssl=1\",\"width\":269,\"height\":221,\"caption\":\"Volunteer Centre of Southeastern New Brunswick\"},\"image\":{\"@id\":\"https:\\\/\\\/volunteergreatermoncton.com\\\/fr\\\/#\\\/schema\\\/logo\\\/image\\\/\"}}]}<\/script>\n<!-- \/ Yoast SEO plugin. -->","yoast_head_json":{"title":"Programme conducteurs (trices) | Volunteer Centre of Southeastern New Brunswick | Centre du B\u00e9n\u00e9volat du Sud-Est du Nouveau-Brunswick inc.","robots":{"index":"index","follow":"follow","max-snippet":"max-snippet:-1","max-image-preview":"max-image-preview:large","max-video-preview":"max-video-preview:-1"},"canonical":"https:\/\/volunteergreatermoncton.com\/fr\/programme-conducteurs-trices\/","og_locale":"fr_FR","og_type":"article","og_title":"Programme conducteurs (trices) | Volunteer Centre of Southeastern New Brunswick | Centre du B\u00e9n\u00e9volat du Sud-Est du Nouveau-Brunswick inc.","og_description":"B\u00e9n\u00e9volat communautaire | Programme conducteurs (trices) Centre du b\u00e9n\u00e9volat du Sud-Est du Nouveau-Brunswick B\u00c9N\u00c9VOLAT COMMUNAUTAIRE \/ PROGRAMME CONDUCTEURS (TRICES) Transport Urbain\/Rural Si vous \u00eates int\u00e9ress\u00e9s \u00e0 devenir b\u00e9n\u00e9vole, sachez que [&hellip;]","og_url":"https:\/\/volunteergreatermoncton.com\/fr\/programme-conducteurs-trices\/","og_site_name":"Volunteer Centre of Southeastern New Brunswick | Centre du B\u00e9n\u00e9volat du Sud-Est du Nouveau-Brunswick inc.","article_modified_time":"2025-07-16T20:05:29+00:00","og_image":[{"url":"https:\/\/volunteergreatermoncton.com\/wp-content\/uploads\/2025\/07\/Fichier-5logo-picto.png","type":"","width":"","height":""}],"twitter_card":"summary_large_image","twitter_misc":{"Dur\u00e9e de lecture estim\u00e9e":"4 minutes"},"schema":{"@context":"https:\/\/schema.org","@graph":[{"@type":"WebPage","@id":"https:\/\/volunteergreatermoncton.com\/fr\/programme-conducteurs-trices\/","url":"https:\/\/volunteergreatermoncton.com\/fr\/programme-conducteurs-trices\/","name":"Programme conducteurs (trices) | Volunteer Centre of Southeastern New Brunswick | Centre du B\u00e9n\u00e9volat du Sud-Est du Nouveau-Brunswick inc.","isPartOf":{"@id":"https:\/\/volunteergreatermoncton.com\/fr\/#website"},"primaryImageOfPage":{"@id":"https:\/\/volunteergreatermoncton.com\/fr\/programme-conducteurs-trices\/#primaryimage"},"image":{"@id":"https:\/\/volunteergreatermoncton.com\/fr\/programme-conducteurs-trices\/#primaryimage"},"thumbnailUrl":"https:\/\/volunteergreatermoncton.com\/wp-content\/uploads\/2025\/07\/Fichier-5logo-picto.png","datePublished":"2025-07-04T20:09:19+00:00","dateModified":"2025-07-16T20:05:29+00:00","breadcrumb":{"@id":"https:\/\/volunteergreatermoncton.com\/fr\/programme-conducteurs-trices\/#breadcrumb"},"inLanguage":"fr-FR","potentialAction":[{"@type":"ReadAction","target":["https:\/\/volunteergreatermoncton.com\/fr\/programme-conducteurs-trices\/"]}]},{"@type":"ImageObject","inLanguage":"fr-FR","@id":"https:\/\/volunteergreatermoncton.com\/fr\/programme-conducteurs-trices\/#primaryimage","url":"https:\/\/volunteergreatermoncton.com\/wp-content\/uploads\/2025\/07\/Fichier-5logo-picto.png","contentUrl":"https:\/\/volunteergreatermoncton.com\/wp-content\/uploads\/2025\/07\/Fichier-5logo-picto.png"},{"@type":"BreadcrumbList","@id":"https:\/\/volunteergreatermoncton.com\/fr\/programme-conducteurs-trices\/#breadcrumb","itemListElement":[{"@type":"ListItem","position":1,"name":"Home","item":"https:\/\/volunteergreatermoncton.com\/fr\/"},{"@type":"ListItem","position":2,"name":"Programme conducteurs (trices)"}]},{"@type":"WebSite","@id":"https:\/\/volunteergreatermoncton.com\/fr\/#website","url":"https:\/\/volunteergreatermoncton.com\/fr\/","name":"Volunteer Centre of Southeastern New Brunswick | Centre du B\u00e9n\u00e9volat du Sud-Est du Nouveau-Brunswick inc.","description":"Volunteer Centre of Southeastern New Brunswick","publisher":{"@id":"https:\/\/volunteergreatermoncton.com\/fr\/#organization"},"potentialAction":[{"@type":"SearchAction","target":{"@type":"EntryPoint","urlTemplate":"https:\/\/volunteergreatermoncton.com\/fr\/?s={search_term_string}"},"query-input":{"@type":"PropertyValueSpecification","valueRequired":true,"valueName":"search_term_string"}}],"inLanguage":"fr-FR"},{"@type":"Organization","@id":"https:\/\/volunteergreatermoncton.com\/fr\/#organization","name":"Volunteer Centre of Southeastern New Brunswick","url":"https:\/\/volunteergreatermoncton.com\/fr\/","logo":{"@type":"ImageObject","inLanguage":"fr-FR","@id":"https:\/\/volunteergreatermoncton.com\/fr\/#\/schema\/logo\/image\/","url":"https:\/\/i1.wp.com\/volunteergreatermoncton.com\/wp-content\/uploads\/2019\/04\/volunteer-logo.png?fit=269%2C221&ssl=1","contentUrl":"https:\/\/i1.wp.com\/volunteergreatermoncton.com\/wp-content\/uploads\/2019\/04\/volunteer-logo.png?fit=269%2C221&ssl=1","width":269,"height":221,"caption":"Volunteer Centre of Southeastern New Brunswick"},"image":{"@id":"https:\/\/volunteergreatermoncton.com\/fr\/#\/schema\/logo\/image\/"}}]}},"_links":{"self":[{"href":"https:\/\/volunteergreatermoncton.com\/fr\/wp-json\/wp\/v2\/pages\/22395","targetHints":{"allow":["GET"]}}],"collection":[{"href":"https:\/\/volunteergreatermoncton.com\/fr\/wp-json\/wp\/v2\/pages"}],"about":[{"href":"https:\/\/volunteergreatermoncton.com\/fr\/wp-json\/wp\/v2\/types\/page"}],"author":[{"embeddable":true,"href":"https:\/\/volunteergreatermoncton.com\/fr\/wp-json\/wp\/v2\/users\/1"}],"replies":[{"embeddable":true,"href":"https:\/\/volunteergreatermoncton.com\/fr\/wp-json\/wp\/v2\/comments?post=22395"}],"version-history":[{"count":13,"href":"https:\/\/volunteergreatermoncton.com\/fr\/wp-json\/wp\/v2\/pages\/22395\/revisions"}],"predecessor-version":[{"id":23552,"href":"https:\/\/volunteergreatermoncton.com\/fr\/wp-json\/wp\/v2\/pages\/22395\/revisions\/23552"}],"wp:attachment":[{"href":"https:\/\/volunteergreatermoncton.com\/fr\/wp-json\/wp\/v2\/media?parent=22395"}],"curies":[{"name":"wp","href":"https:\/\/api.w.org\/{rel}","templated":true}]}}