{"id":8405,"date":"2019-11-30T10:39:10","date_gmt":"2019-11-30T14:39:10","guid":{"rendered":"https:\/\/volunteergreatermoncton.com\/?page_id=8405"},"modified":"2025-07-10T14:08:03","modified_gmt":"2025-07-10T17:08:03","slug":"etudiants-de-crandall","status":"publish","type":"page","link":"https:\/\/volunteergreatermoncton.com\/fr\/etudiants-de-crandall\/","title":{"rendered":"\u00c9tudiants de Crandall"},"content":{"rendered":"<p>[et_pb_section fb_built=\u00a0\u00bb1&Prime; _builder_version=\u00a0\u00bb4.16&Prime; background_image=\u00a0\u00bbhttps:\/\/volunteergreatermoncton.com\/wp-content\/uploads\/2019\/04\/CRANDALL-image.jpg\u00a0\u00bb custom_padding=\u00a0\u00bb50px|0px|100px|0px|false|false\u00a0\u00bb global_colors_info=\u00a0\u00bb{}\u00a0\u00bb][\/et_pb_section][et_pb_section fb_built=\u00a0\u00bb1&Prime; _builder_version=\u00a0\u00bb4.16&Prime; background_color=\u00a0\u00bb#000000&Prime; custom_padding=\u00a0\u00bb10px|0px|0|0px|false|false\u00a0\u00bb global_colors_info=\u00a0\u00bb{}\u00a0\u00bb][et_pb_row _builder_version=\u00a0\u00bb4.16&Prime; global_colors_info=\u00a0\u00bb{}\u00a0\u00bb][et_pb_column type=\u00a0\u00bb4_4&Prime; _builder_version=\u00a0\u00bb4.16&Prime; custom_padding=\u00a0\u00bb|||\u00a0\u00bb global_colors_info=\u00a0\u00bb{}\u00a0\u00bb custom_padding__hover=\u00a0\u00bb|||\u00a0\u00bb][et_pb_text _builder_version=\u00a0\u00bb4.16&Prime; global_colors_info=\u00a0\u00bb{}\u00a0\u00bb]<\/p>\n<h1><span style=\"color: #ffffff;\">Volunteer Centre of Southeastern New Brunswick | <b>\u00c9tudiants de Crandall<\/b><\/span><\/h1>\n<p>[\/et_pb_text][\/et_pb_column][\/et_pb_row][\/et_pb_section][et_pb_section fb_built=\u00a0\u00bb1&Prime; _builder_version=\u00a0\u00bb4.16&Prime; global_colors_info=\u00a0\u00bb{}\u00a0\u00bb][et_pb_row _builder_version=\u00a0\u00bb4.27.4&Prime; custom_padding=\u00a0\u00bb||||false|false\u00a0\u00bb hover_enabled=\u00a0\u00bb0&Prime; global_colors_info=\u00a0\u00bb{}\u00a0\u00bb min_height=\u00a0\u00bb400px\u00a0\u00bb sticky_enabled=\u00a0\u00bb0&Prime;][et_pb_column type=\u00a0\u00bb4_4&Prime; _builder_version=\u00a0\u00bb4.16&Prime; custom_padding=\u00a0\u00bb|||\u00a0\u00bb global_colors_info=\u00a0\u00bb{}\u00a0\u00bb custom_padding__hover=\u00a0\u00bb|||\u00a0\u00bb][et_pb_text _builder_version=\u00a0\u00bb4.27.4&Prime; hover_enabled=\u00a0\u00bb0&Prime; global_colors_info=\u00a0\u00bb{}\u00a0\u00bb header_2_font_size=\u00a0\u00bb44px\u00a0\u00bb header_2_text_align=\u00a0\u00bbcenter\u00a0\u00bb text_font_size=\u00a0\u00bb22px\u00a0\u00bb text_orientation=\u00a0\u00bbcenter\u00a0\u00bb sticky_enabled=\u00a0\u00bb0&Prime;]<\/p>\n<h2><strong>Voir la page anglaise<\/strong><\/h2>\n<p><a href=\"https:\/\/volunteergreatermoncton.com\/crandall\/\">https:\/\/volunteergreatermoncton.com\/crandall\/<\/a><\/p>\n<p>[\/et_pb_text][\/et_pb_column][\/et_pb_row][\/et_pb_section]<\/p>\n","protected":false},"excerpt":{"rendered":"<p>Volunteer Centre of Southeastern New Brunswick | \u00c9tudiants de CrandallVoir la page anglaise https:\/\/volunteergreatermoncton.com\/crandall\/<\/p>\n","protected":false},"author":1,"featured_media":0,"parent":0,"menu_order":0,"comment_status":"closed","ping_status":"closed","template":"","meta":{"_et_pb_use_builder":"on","_et_pb_old_content":"","_et_gb_content_width":"","footnotes":""},"class_list":["post-8405","page","type-page","status-publish","hentry"],"yoast_head":"<!-- This site is optimized with the Yoast SEO plugin v27.4 - https:\/\/yoast.com\/product\/yoast-seo-wordpress\/ -->\n<title>\u00c9tudiants de Crandall | Volunteer Centre of Southeastern New Brunswick | Centre du B\u00e9n\u00e9volat du Sud-Est du Nouveau-Brunswick inc.<\/title>\n<meta name=\"robots\" content=\"index, follow, max-snippet:-1, max-image-preview:large, max-video-preview:-1\" \/>\n<link rel=\"canonical\" href=\"https:\/\/volunteergreatermoncton.com\/fr\/etudiants-de-crandall\/\" \/>\n<meta property=\"og:locale\" content=\"fr_FR\" \/>\n<meta property=\"og:type\" content=\"article\" \/>\n<meta property=\"og:title\" content=\"\u00c9tudiants de Crandall | Volunteer Centre of Southeastern New Brunswick | Centre du B\u00e9n\u00e9volat du Sud-Est du Nouveau-Brunswick inc.\" \/>\n<meta property=\"og:description\" content=\"Volunteer Centre of Southeastern New Brunswick | \u00c9tudiants de CrandallVoir la page anglaise https:\/\/volunteergreatermoncton.com\/crandall\/\" \/>\n<meta property=\"og:url\" content=\"https:\/\/volunteergreatermoncton.com\/fr\/etudiants-de-crandall\/\" \/>\n<meta property=\"og:site_name\" content=\"Volunteer Centre of Southeastern New Brunswick | Centre du B\u00e9n\u00e9volat du Sud-Est du Nouveau-Brunswick inc.\" \/>\n<meta property=\"article:modified_time\" content=\"2025-07-10T17:08:03+00:00\" \/>\n<meta name=\"twitter:card\" content=\"summary_large_image\" \/>\n<meta name=\"twitter:label1\" content=\"Dur\u00e9e de lecture estim\u00e9e\" \/>\n\t<meta name=\"twitter:data1\" content=\"1 minute\" \/>\n<script type=\"application\/ld+json\" class=\"yoast-schema-graph\">{\"@context\":\"https:\\\/\\\/schema.org\",\"@graph\":[{\"@type\":\"WebPage\",\"@id\":\"https:\\\/\\\/volunteergreatermoncton.com\\\/fr\\\/etudiants-de-crandall\\\/\",\"url\":\"https:\\\/\\\/volunteergreatermoncton.com\\\/fr\\\/etudiants-de-crandall\\\/\",\"name\":\"\u00c9tudiants de Crandall | Volunteer Centre of Southeastern New Brunswick | Centre du B\u00e9n\u00e9volat du Sud-Est du Nouveau-Brunswick inc.\",\"isPartOf\":{\"@id\":\"https:\\\/\\\/volunteergreatermoncton.com\\\/fr\\\/#website\"},\"datePublished\":\"2019-11-30T14:39:10+00:00\",\"dateModified\":\"2025-07-10T17:08:03+00:00\",\"breadcrumb\":{\"@id\":\"https:\\\/\\\/volunteergreatermoncton.com\\\/fr\\\/etudiants-de-crandall\\\/#breadcrumb\"},\"inLanguage\":\"fr-FR\",\"potentialAction\":[{\"@type\":\"ReadAction\",\"target\":[\"https:\\\/\\\/volunteergreatermoncton.com\\\/fr\\\/etudiants-de-crandall\\\/\"]}]},{\"@type\":\"BreadcrumbList\",\"@id\":\"https:\\\/\\\/volunteergreatermoncton.com\\\/fr\\\/etudiants-de-crandall\\\/#breadcrumb\",\"itemListElement\":[{\"@type\":\"ListItem\",\"position\":1,\"name\":\"Home\",\"item\":\"https:\\\/\\\/volunteergreatermoncton.com\\\/fr\\\/\"},{\"@type\":\"ListItem\",\"position\":2,\"name\":\"\u00c9tudiants de Crandall\"}]},{\"@type\":\"WebSite\",\"@id\":\"https:\\\/\\\/volunteergreatermoncton.com\\\/fr\\\/#website\",\"url\":\"https:\\\/\\\/volunteergreatermoncton.com\\\/fr\\\/\",\"name\":\"Volunteer Centre of Southeastern New Brunswick | Centre du B\u00e9n\u00e9volat du Sud-Est du Nouveau-Brunswick inc.\",\"description\":\"Volunteer Centre of Southeastern New Brunswick\",\"publisher\":{\"@id\":\"https:\\\/\\\/volunteergreatermoncton.com\\\/fr\\\/#organization\"},\"potentialAction\":[{\"@type\":\"SearchAction\",\"target\":{\"@type\":\"EntryPoint\",\"urlTemplate\":\"https:\\\/\\\/volunteergreatermoncton.com\\\/fr\\\/?s={search_term_string}\"},\"query-input\":{\"@type\":\"PropertyValueSpecification\",\"valueRequired\":true,\"valueName\":\"search_term_string\"}}],\"inLanguage\":\"fr-FR\"},{\"@type\":\"Organization\",\"@id\":\"https:\\\/\\\/volunteergreatermoncton.com\\\/fr\\\/#organization\",\"name\":\"Volunteer Centre of Southeastern New Brunswick\",\"url\":\"https:\\\/\\\/volunteergreatermoncton.com\\\/fr\\\/\",\"logo\":{\"@type\":\"ImageObject\",\"inLanguage\":\"fr-FR\",\"@id\":\"https:\\\/\\\/volunteergreatermoncton.com\\\/fr\\\/#\\\/schema\\\/logo\\\/image\\\/\",\"url\":\"https:\\\/\\\/i1.wp.com\\\/volunteergreatermoncton.com\\\/wp-content\\\/uploads\\\/2019\\\/04\\\/volunteer-logo.png?fit=269%2C221&ssl=1\",\"contentUrl\":\"https:\\\/\\\/i1.wp.com\\\/volunteergreatermoncton.com\\\/wp-content\\\/uploads\\\/2019\\\/04\\\/volunteer-logo.png?fit=269%2C221&ssl=1\",\"width\":269,\"height\":221,\"caption\":\"Volunteer Centre of Southeastern New Brunswick\"},\"image\":{\"@id\":\"https:\\\/\\\/volunteergreatermoncton.com\\\/fr\\\/#\\\/schema\\\/logo\\\/image\\\/\"}}]}<\/script>\n<!-- \/ Yoast SEO plugin. -->","yoast_head_json":{"title":"\u00c9tudiants de Crandall | Volunteer Centre of Southeastern New Brunswick | Centre du B\u00e9n\u00e9volat du Sud-Est du Nouveau-Brunswick inc.","robots":{"index":"index","follow":"follow","max-snippet":"max-snippet:-1","max-image-preview":"max-image-preview:large","max-video-preview":"max-video-preview:-1"},"canonical":"https:\/\/volunteergreatermoncton.com\/fr\/etudiants-de-crandall\/","og_locale":"fr_FR","og_type":"article","og_title":"\u00c9tudiants de Crandall | Volunteer Centre of Southeastern New Brunswick | Centre du B\u00e9n\u00e9volat du Sud-Est du Nouveau-Brunswick inc.","og_description":"Volunteer Centre of Southeastern New Brunswick | \u00c9tudiants de CrandallVoir la page anglaise https:\/\/volunteergreatermoncton.com\/crandall\/","og_url":"https:\/\/volunteergreatermoncton.com\/fr\/etudiants-de-crandall\/","og_site_name":"Volunteer Centre of Southeastern New Brunswick | Centre du B\u00e9n\u00e9volat du Sud-Est du Nouveau-Brunswick inc.","article_modified_time":"2025-07-10T17:08:03+00:00","twitter_card":"summary_large_image","twitter_misc":{"Dur\u00e9e de lecture estim\u00e9e":"1 minute"},"schema":{"@context":"https:\/\/schema.org","@graph":[{"@type":"WebPage","@id":"https:\/\/volunteergreatermoncton.com\/fr\/etudiants-de-crandall\/","url":"https:\/\/volunteergreatermoncton.com\/fr\/etudiants-de-crandall\/","name":"\u00c9tudiants de Crandall | Volunteer Centre of Southeastern New Brunswick | Centre du B\u00e9n\u00e9volat du Sud-Est du Nouveau-Brunswick inc.","isPartOf":{"@id":"https:\/\/volunteergreatermoncton.com\/fr\/#website"},"datePublished":"2019-11-30T14:39:10+00:00","dateModified":"2025-07-10T17:08:03+00:00","breadcrumb":{"@id":"https:\/\/volunteergreatermoncton.com\/fr\/etudiants-de-crandall\/#breadcrumb"},"inLanguage":"fr-FR","potentialAction":[{"@type":"ReadAction","target":["https:\/\/volunteergreatermoncton.com\/fr\/etudiants-de-crandall\/"]}]},{"@type":"BreadcrumbList","@id":"https:\/\/volunteergreatermoncton.com\/fr\/etudiants-de-crandall\/#breadcrumb","itemListElement":[{"@type":"ListItem","position":1,"name":"Home","item":"https:\/\/volunteergreatermoncton.com\/fr\/"},{"@type":"ListItem","position":2,"name":"\u00c9tudiants de Crandall"}]},{"@type":"WebSite","@id":"https:\/\/volunteergreatermoncton.com\/fr\/#website","url":"https:\/\/volunteergreatermoncton.com\/fr\/","name":"Volunteer Centre of Southeastern New Brunswick | Centre du B\u00e9n\u00e9volat du Sud-Est du Nouveau-Brunswick inc.","description":"Volunteer Centre of Southeastern New Brunswick","publisher":{"@id":"https:\/\/volunteergreatermoncton.com\/fr\/#organization"},"potentialAction":[{"@type":"SearchAction","target":{"@type":"EntryPoint","urlTemplate":"https:\/\/volunteergreatermoncton.com\/fr\/?s={search_term_string}"},"query-input":{"@type":"PropertyValueSpecification","valueRequired":true,"valueName":"search_term_string"}}],"inLanguage":"fr-FR"},{"@type":"Organization","@id":"https:\/\/volunteergreatermoncton.com\/fr\/#organization","name":"Volunteer Centre of Southeastern New Brunswick","url":"https:\/\/volunteergreatermoncton.com\/fr\/","logo":{"@type":"ImageObject","inLanguage":"fr-FR","@id":"https:\/\/volunteergreatermoncton.com\/fr\/#\/schema\/logo\/image\/","url":"https:\/\/i1.wp.com\/volunteergreatermoncton.com\/wp-content\/uploads\/2019\/04\/volunteer-logo.png?fit=269%2C221&ssl=1","contentUrl":"https:\/\/i1.wp.com\/volunteergreatermoncton.com\/wp-content\/uploads\/2019\/04\/volunteer-logo.png?fit=269%2C221&ssl=1","width":269,"height":221,"caption":"Volunteer Centre of Southeastern New Brunswick"},"image":{"@id":"https:\/\/volunteergreatermoncton.com\/fr\/#\/schema\/logo\/image\/"}}]}},"_links":{"self":[{"href":"https:\/\/volunteergreatermoncton.com\/fr\/wp-json\/wp\/v2\/pages\/8405","targetHints":{"allow":["GET"]}}],"collection":[{"href":"https:\/\/volunteergreatermoncton.com\/fr\/wp-json\/wp\/v2\/pages"}],"about":[{"href":"https:\/\/volunteergreatermoncton.com\/fr\/wp-json\/wp\/v2\/types\/page"}],"author":[{"embeddable":true,"href":"https:\/\/volunteergreatermoncton.com\/fr\/wp-json\/wp\/v2\/users\/1"}],"replies":[{"embeddable":true,"href":"https:\/\/volunteergreatermoncton.com\/fr\/wp-json\/wp\/v2\/comments?post=8405"}],"version-history":[{"count":19,"href":"https:\/\/volunteergreatermoncton.com\/fr\/wp-json\/wp\/v2\/pages\/8405\/revisions"}],"predecessor-version":[{"id":22849,"href":"https:\/\/volunteergreatermoncton.com\/fr\/wp-json\/wp\/v2\/pages\/8405\/revisions\/22849"}],"wp:attachment":[{"href":"https:\/\/volunteergreatermoncton.com\/fr\/wp-json\/wp\/v2\/media?parent=8405"}],"curies":[{"name":"wp","href":"https:\/\/api.w.org\/{rel}","templated":true}]}}