{"id":911,"date":"2019-05-05T14:20:25","date_gmt":"2019-05-05T17:20:25","guid":{"rendered":"https:\/\/volunteergreatermoncton.com\/equipe\/"},"modified":"2025-10-27T17:51:31","modified_gmt":"2025-10-27T20:51:31","slug":"equipe","status":"publish","type":"page","link":"https:\/\/volunteergreatermoncton.com\/fr\/equipe\/","title":{"rendered":"equipe"},"content":{"rendered":"<p>[et_pb_section fb_built=\u00a0\u00bb1&Prime; next_background_color=\u00a0\u00bb#ffffff\u00a0\u00bb _builder_version=\u00a0\u00bb4.27.4&Prime; background_image=\u00a0\u00bbhttps:\/\/volunteergreatermoncton.com\/wp-content\/uploads\/2025\/07\/CA-attending-2000px.jpg\u00a0\u00bb background_position=\u00a0\u00bbtop_center\u00a0\u00bb background_vertical_offset=\u00a0\u00bb18%\u00a0\u00bb custom_padding=\u00a0\u00bb50px|0px|24px|0px|false|false\u00a0\u00bb bottom_divider_style=\u00a0\u00bbramp2&Prime; global_colors_info=\u00a0\u00bb{}\u00a0\u00bb][et_pb_row _builder_version=\u00a0\u00bb4.18.0&Prime; _module_preset=\u00a0\u00bbdefault\u00a0\u00bb global_colors_info=\u00a0\u00bb{}\u00a0\u00bb][et_pb_column type=\u00a0\u00bb4_4&Prime; _builder_version=\u00a0\u00bb4.18.0&Prime; _module_preset=\u00a0\u00bbdefault\u00a0\u00bb global_colors_info=\u00a0\u00bb{}\u00a0\u00bb][et_pb_text _builder_version=\u00a0\u00bb4.27.4&Prime; _module_preset=\u00a0\u00bbdefault\u00a0\u00bb text_font=\u00a0\u00bb|600|||||||\u00a0\u00bb header_text_align=\u00a0\u00bbcenter\u00a0\u00bb header_text_shadow_style=\u00a0\u00bbpreset1&Prime; global_colors_info=\u00a0\u00bb{}\u00a0\u00bb]<\/p>\n<h1 style=\"color: #ffffff;\"><strong><span style=\"font-size: 150%;\">Notre \u00e9quipe<\/span><\/strong><br \/>Centre du B\u00e9n\u00e9volat du Sud-Est du Nouveau-Brunswick<\/h1>\n<p>[\/et_pb_text][\/et_pb_column][\/et_pb_row][\/et_pb_section][et_pb_section fb_built=\u00a0\u00bb1&Prime; _builder_version=\u00a0\u00bb4.27.4&Prime; custom_padding=\u00a0\u00bb22px||||false|false\u00a0\u00bb global_colors_info=\u00a0\u00bb{}\u00a0\u00bb][et_pb_row _builder_version=\u00a0\u00bb4.16&Prime; min_height=\u00a0\u00bb45px\u00a0\u00bb custom_padding=\u00a0\u00bb1px|||||\u00a0\u00bb global_colors_info=\u00a0\u00bb{}\u00a0\u00bb][et_pb_column type=\u00a0\u00bb4_4&Prime; _builder_version=\u00a0\u00bb4.16&Prime; custom_padding=\u00a0\u00bb|||\u00a0\u00bb global_colors_info=\u00a0\u00bb{}\u00a0\u00bb custom_padding__hover=\u00a0\u00bb|||\u00a0\u00bb][et_pb_text _builder_version=\u00a0\u00bb4.27.4&Prime; _module_preset=\u00a0\u00bbdefault\u00a0\u00bb global_colors_info=\u00a0\u00bb{}\u00a0\u00bb]<\/p>\n<p><em><strong>Membres du CA pr\u00e9sents au D\u00e9jeuner de reconnaissance 2025<\/strong>. De gauche \u00e0 droite : Gaurav Sayl, Grant Currier, Annette Vautour, directrice administrative, Aubrey Kirkpatrick, Debbi LeBlanc, coordinatrice des b\u00e9n\u00e9voles, Sophie LeBlanc, Nadine Villegas, Tina LeBlanc et Jason Gallant.<\/em><\/p>\n<p>[\/et_pb_text][et_pb_text _builder_version=\u00a0\u00bb4.18.0&Prime; header_2_font=\u00a0\u00bbRoboto||||||||\u00a0\u00bb header_2_text_align=\u00a0\u00bbcenter\u00a0\u00bb header_2_font_size=\u00a0\u00bb32px\u00a0\u00bb header_2_line_height=\u00a0\u00bb1.2em\u00a0\u00bb min_height=\u00a0\u00bb83px\u00a0\u00bb global_colors_info=\u00a0\u00bb{}\u00a0\u00bb]<\/p>\n<h2>Les employers et les membres du conseil d&rsquo;administration<\/h2>\n<p>[\/et_pb_text][\/et_pb_column][\/et_pb_row][et_pb_row column_structure=\u00a0\u00bb1_2,1_2&Prime; _builder_version=\u00a0\u00bb4.16&Prime; custom_padding=\u00a0\u00bb0|0px|26.4531px|0px|false|false\u00a0\u00bb global_colors_info=\u00a0\u00bb{}\u00a0\u00bb][et_pb_column type=\u00a0\u00bb1_2&Prime; _builder_version=\u00a0\u00bb4.16&Prime; custom_padding=\u00a0\u00bb|||\u00a0\u00bb global_colors_info=\u00a0\u00bb{}\u00a0\u00bb custom_padding__hover=\u00a0\u00bb|||\u00a0\u00bb][et_pb_text _builder_version=\u00a0\u00bb4.27.4&Prime; global_colors_info=\u00a0\u00bb{}\u00a0\u00bb]<\/p>\n<h2>\u00a0Employers<\/h2>\n<p><strong>Annette Vautour<\/strong><br \/><i>Directrice g\u00e9n\u00e9rale<\/i><br \/><strong>(506) 869-6825<\/strong><br \/><a href=\"mailto:a.vautour@volunteergreatermoncton.com\">a.vautour@volunteergreatermoncton.com<\/a><\/p>\n<p><strong>Debbi LeBlanc<\/strong><br \/><i>Coordinatrice des b\u00e9n\u00e9voles \/ Centre du b\u00e9n\u00e9volat<br \/>Administratrice \/ Programme de conducteurs(trices) b\u00e9n\u00e9voles {Transport Urbain Rural}<\/i><br \/><strong>(506) 869-6905<\/strong><br \/><a href=\"mailto:d.leblanc@volunteergreatermoncton.com\">d.leblanc@volunteergreatermoncton.com<\/a><\/p>\n<p><strong><span>Claire LaBelle<\/span><\/strong><br \/><i>Directrice du programme \/ Service de rel\u00e8ve pour enfants \u00e0 besoins sp\u00e9ciaux<\/i><br \/><strong>(506) 869-6774<\/strong><br \/><a href=\"mailto:c.labelle@volunteergreatermoncton.com\">c.labelle@volunteergreatermoncton.com<\/a><\/p>\n<p><strong>Shawnda Cohen<\/strong><br \/><i>Directrice du programme \/ Services de Soutien \u00e0 la Famille<\/i><br \/><strong>(506) 869-6772<\/strong><br \/><a href=\"mailto:s.cohen@volunteergreatermoncton.com\">s.cohen@volunteergreatermoncton.com<\/a><\/p>\n<p><strong>Vicki Roy<\/strong><br \/><i>Responsable des pr\u00e9pos\u00e9s \/ Services d&rsquo;assistants partag\u00e9s<\/i><br \/><strong>(506) 382-9386<\/strong><br \/><a href=\"mailto:v.roy@volunteergreatermoncton.com\">v.roy@volunteergreatermoncton.com<\/a><\/p>\n<p><strong> Juan Pablo Perez <\/strong><br \/><i>VCB Assistant de programme (Soutien administratif)<\/i><br \/><strong>(506) 269-9597<\/strong><br \/><a href=\"mailto:j.perez@volunteergreatermoncton.com\">j.perez@volunteergreatermoncton.com<\/a><\/p>\n<p><strong>Brenda Halliday<\/strong><br \/><i>Comptable \/ Paie \/ Facturations<\/i><br \/><strong>(506) 869-6746<\/strong><br \/><a href=\"mailto:b.halliday@volunteergreatermoncton.com\">b.halliday@volunteergreatermoncton.com<strong><\/strong><\/a><\/p>\n<p><strong>Marina Wright<\/strong><br \/><i>Comptable \/ Comptabilit\u00e9<\/i><br \/><strong>(506) 869-7028<\/strong><br \/><a href=\"mailto:m.wright@volunteergreatermoncton.com\">m.wright@volunteergreatermoncton.com<\/a><\/p>\n<p><strong>Eileen Carter<\/strong><br \/><i>B\u00e9n\u00e9vole en administration<\/i><\/p>\n<p><strong>Marcia L\u00e9ger<\/strong><br \/><i>Designer Web<\/i><\/p>\n<p><strong>H\u00e9bergement du site Internet &#8211; Invasion Group <\/strong><\/p>\n<p><strong>Services informatiques \/ Equipment &#8211; BJW Electronics Ltd. <\/strong><\/p>\n<p>&nbsp;<\/p>\n<p>[\/et_pb_text][\/et_pb_column][et_pb_column type=\u00a0\u00bb1_2&Prime; _builder_version=\u00a0\u00bb4.16&Prime; custom_padding=\u00a0\u00bb|||\u00a0\u00bb global_colors_info=\u00a0\u00bb{}\u00a0\u00bb custom_padding__hover=\u00a0\u00bb|||\u00a0\u00bb][et_pb_text _builder_version=\u00a0\u00bb4.27.4&Prime; hover_enabled=\u00a0\u00bb0&Prime; global_colors_info=\u00a0\u00bb{}\u00a0\u00bb sticky_enabled=\u00a0\u00bb0&Prime;]<\/p>\n<h2>Conseil d&rsquo;administration<\/h2>\n<p><strong>Aubrey Kirkpatrick<\/strong> <i>Pr\u00e9sidente<\/i><\/p>\n<p><strong>Grant Currier<\/strong> <i>Vice-pr\u00e9sidente<\/i><\/p>\n<p><strong>Sophie LeBlanc<\/strong>\u00a0<i>Tr\u00e9sori\u00e8re<\/i><\/p>\n<p><strong>Jason Gallant<\/strong> <i>Membre<\/i><\/p>\n<p><strong>Tina LeBlanc<\/strong> <i>Membre<\/i><\/p>\n<p><strong>Gaurav Syal<\/strong> <i>Membre<\/i><\/p>\n<p><strong>Emily Scott<\/strong> <i>Membre<\/i><\/p>\n<p><strong>Eddie St. Pierre<\/strong> <i>(Membre honoraire)<\/i><\/p>\n<p><strong>Geraldine \u201cNadine\u201d Villegas<\/strong> <i>Membre<\/i><\/p>\n<p>[\/et_pb_text][\/et_pb_column][\/et_pb_row][\/et_pb_section][et_pb_section fb_built=\u00a0\u00bb1&Prime; _builder_version=\u00a0\u00bb4.27.4&Prime; _module_preset=\u00a0\u00bbdefault\u00a0\u00bb background_color=\u00a0\u00bb#336699&Prime; custom_padding=\u00a0\u00bb0px||0px||false|false\u00a0\u00bb global_module=\u00a0\u00bb22421&Prime; saved_tabs=\u00a0\u00bball\u00a0\u00bb locked=\u00a0\u00bboff\u00a0\u00bb global_colors_info=\u00a0\u00bb{}\u00a0\u00bb][et_pb_row column_structure=\u00a0\u00bb1_4,1_2,1_4&Prime; make_equal=\u00a0\u00bbon\u00a0\u00bb _builder_version=\u00a0\u00bb4.27.4&Prime; _module_preset=\u00a0\u00bbdefault\u00a0\u00bb custom_css_main_element=\u00a0\u00bb\t||align-items: flex-start;\u00a0\u00bb custom_css_free_form=\u00a0\u00bb\t||\u00a0\u00bb global_colors_info=\u00a0\u00bb{}\u00a0\u00bb][et_pb_column type=\u00a0\u00bb1_4&Prime; _builder_version=\u00a0\u00bb4.27.4&Prime; _module_preset=\u00a0\u00bbdefault\u00a0\u00bb global_colors_info=\u00a0\u00bb{}\u00a0\u00bb][et_pb_image src=\u00a0\u00bbhttps:\/\/volunteergreatermoncton.com\/wp-content\/uploads\/2025\/07\/logoFichier-2VCSENB-White.png\u00a0\u00bb title_text=\u00a0\u00bblogoFichier 2VCSENB-White\u00a0\u00bb align=\u00a0\u00bbcenter\u00a0\u00bb _builder_version=\u00a0\u00bb4.27.4&Prime; _module_preset=\u00a0\u00bbdefault\u00a0\u00bb max_width=\u00a0\u00bb400px\u00a0\u00bb custom_padding=\u00a0\u00bb11px||||false|false\u00a0\u00bb global_colors_info=\u00a0\u00bb{}\u00a0\u00bb][\/et_pb_image][\/et_pb_column][et_pb_column type=\u00a0\u00bb1_2&Prime; _builder_version=\u00a0\u00bb4.27.4&Prime; _module_preset=\u00a0\u00bbdefault\u00a0\u00bb global_colors_info=\u00a0\u00bb{}\u00a0\u00bb][et_pb_text _builder_version=\u00a0\u00bb4.27.4&Prime; _module_preset=\u00a0\u00bbdefault\u00a0\u00bb text_text_color=\u00a0\u00bb#FFFFFF\u00a0\u00bb text_line_height=\u00a0\u00bb1.4em\u00a0\u00bb header_3_font=\u00a0\u00bb|||on|||||\u00a0\u00bb header_3_text_align=\u00a0\u00bbcenter\u00a0\u00bb header_3_text_color=\u00a0\u00bb#FFFFFF\u00a0\u00bb header_3_font_size=\u00a0\u00bb16px\u00a0\u00bb text_orientation=\u00a0\u00bbcenter\u00a0\u00bb global_colors_info=\u00a0\u00bb{}\u00a0\u00bb]<strong>Centre du b\u00e9n\u00e9volat du Sud-Est du Nouveau-Brunswick inc.<\/strong><br \/>795, rue Main, Suite 301, Moncton NB &#8211; E1C 1E9\u00a0  <a href=\"5068696977\"><strong><span style=\"color: #ffffff;\">(506)869-6977<\/a><\/strong><br \/><a style=\"color: #ffffff;\" href=\"mailto:d.leblanc@volunteergreatermoncton.com\">d.leblanc@volunteergreatermoncton.com<\/a><br \/><span style =\"line-height:5em;<a href=\"https:\/\/www.linkedin.com\/company\/volunteer-centre-of-southeastern-n-b-inc\/?viewAsMember=true\"><img src=https:\/\/volunteergreatermoncton.com\/wp-content\/uploads\/2025\/09\/reseaux-blancs-linkedin.png\" alt=\"logo LinkedIn\"  width=\"30\" height=\"30\" \/><\/a> &nbsp; <a href=\"https:\/\/www.instagram.com\/volunteer.centre.nb\/\"> <img src=https:\/\/volunteergreatermoncton.com\/wp-content\/uploads\/2025\/09\/reseaux-blancs-instagram.png\" alt=\"logo Instagram\"  width=\"30\" height=\"30\" \/><\/a> &nbsp; <a href=\"https:\/\/www.facebook.com\/p\/Volunteer-Center-Moncton-Volunteer-Centre-of-Southeastern-New-Brunswick-100064897682353\/\"><img src=https:\/\/volunteergreatermoncton.com\/wp-content\/uploads\/2025\/09\/reseaux-blancs-facebook.png\" alt=\"logo Facebook\"  width=\"30\" height=\"30\" \/><\/a><\/p>\n<p>[\/et_pb_text][\/et_pb_column][et_pb_column type=\u00a0\u00bb1_4&Prime; _builder_version=\u00a0\u00bb4.27.4&Prime; _module_preset=\u00a0\u00bbdefault\u00a0\u00bb global_colors_info=\u00a0\u00bb{}\u00a0\u00bb][et_pb_image src=\u00a0\u00bbhttps:\/\/volunteergreatermoncton.com\/wp-content\/uploads\/2025\/07\/CanaDon.png\u00a0\u00bb title_text=\u00a0\u00bbCanaDon\u00a0\u00bb url=\u00a0\u00bbhttps:\/\/www.canadahelps.org\/fr\/charities\/id\/23869\/\u00a0\u00bb show_bottom_space=\u00a0\u00bboff\u00a0\u00bb align=\u00a0\u00bbcenter\u00a0\u00bb _builder_version=\u00a0\u00bb4.27.4&Prime; _module_preset=\u00a0\u00bbdefault\u00a0\u00bb width=\u00a0\u00bb300px\u00a0\u00bb global_colors_info=\u00a0\u00bb{}\u00a0\u00bb][\/et_pb_image][et_pb_text _builder_version=\u00a0\u00bb4.27.4&Prime; _module_preset=\u00a0\u00bbdefault\u00a0\u00bb header_3_font=\u00a0\u00bb|||on|||||\u00a0\u00bb header_3_text_align=\u00a0\u00bbcenter\u00a0\u00bb header_3_text_color=\u00a0\u00bb#FFFFFF\u00a0\u00bb text_orientation=\u00a0\u00bbcenter\u00a0\u00bb custom_margin=\u00a0\u00bb0px||||false|false\u00a0\u00bb custom_padding=\u00a0\u00bb0px||||false|false\u00a0\u00bb link_option_url=\u00a0\u00bbhttps:\/\/www.canadahelps.org\/fr\/charities\/id\/23869\/\u00a0\u00bb global_colors_info=\u00a0\u00bb{}\u00a0\u00bb]<\/p>\n<h3>Faire un don<\/h3>\n<p>[\/et_pb_text][\/et_pb_column][\/et_pb_row][\/et_pb_section]<\/p>\n","protected":false},"excerpt":{"rendered":"<p>Notre \u00e9quipeCentre du B\u00e9n\u00e9volat du Sud-Est du Nouveau-BrunswickMembres du CA pr\u00e9sents au D\u00e9jeuner de reconnaissance 2025. De gauche \u00e0 droite : Gaurav Sayl, Grant Currier, Annette Vautour, directrice administrative, Aubrey [&hellip;]<\/p>\n","protected":false},"author":1,"featured_media":0,"parent":0,"menu_order":0,"comment_status":"closed","ping_status":"closed","template":"","meta":{"_et_pb_use_builder":"on","_et_pb_old_content":"","_et_gb_content_width":"","footnotes":""},"class_list":["post-911","page","type-page","status-publish","hentry"],"yoast_head":"<!-- This site is optimized with the Yoast SEO plugin v27.4 - https:\/\/yoast.com\/product\/yoast-seo-wordpress\/ -->\n<title>equipe | Volunteer Centre of Southeastern New Brunswick | Centre du B\u00e9n\u00e9volat du Sud-Est du Nouveau-Brunswick inc.<\/title>\n<meta name=\"robots\" content=\"index, follow, max-snippet:-1, max-image-preview:large, max-video-preview:-1\" \/>\n<link rel=\"canonical\" href=\"https:\/\/volunteergreatermoncton.com\/fr\/equipe\/\" \/>\n<meta property=\"og:locale\" content=\"fr_FR\" \/>\n<meta property=\"og:type\" content=\"article\" \/>\n<meta property=\"og:title\" content=\"equipe | Volunteer Centre of Southeastern New Brunswick | Centre du B\u00e9n\u00e9volat du Sud-Est du Nouveau-Brunswick inc.\" \/>\n<meta property=\"og:description\" content=\"Notre \u00e9quipeCentre du B\u00e9n\u00e9volat du Sud-Est du Nouveau-BrunswickMembres du CA pr\u00e9sents au D\u00e9jeuner de reconnaissance 2025. De gauche \u00e0 droite : Gaurav Sayl, Grant Currier, Annette Vautour, directrice administrative, Aubrey [&hellip;]\" \/>\n<meta property=\"og:url\" content=\"https:\/\/volunteergreatermoncton.com\/fr\/equipe\/\" \/>\n<meta property=\"og:site_name\" content=\"Volunteer Centre of Southeastern New Brunswick | Centre du B\u00e9n\u00e9volat du Sud-Est du Nouveau-Brunswick inc.\" \/>\n<meta property=\"article:modified_time\" content=\"2025-10-27T20:51:31+00:00\" \/>\n<meta name=\"twitter:card\" content=\"summary_large_image\" \/>\n<meta name=\"twitter:label1\" content=\"Dur\u00e9e de lecture estim\u00e9e\" \/>\n\t<meta name=\"twitter:data1\" content=\"4 minutes\" \/>\n<script type=\"application\/ld+json\" class=\"yoast-schema-graph\">{\"@context\":\"https:\\\/\\\/schema.org\",\"@graph\":[{\"@type\":\"WebPage\",\"@id\":\"https:\\\/\\\/volunteergreatermoncton.com\\\/fr\\\/equipe\\\/\",\"url\":\"https:\\\/\\\/volunteergreatermoncton.com\\\/fr\\\/equipe\\\/\",\"name\":\"equipe | Volunteer Centre of Southeastern New Brunswick | Centre du B\u00e9n\u00e9volat du Sud-Est du Nouveau-Brunswick inc.\",\"isPartOf\":{\"@id\":\"https:\\\/\\\/volunteergreatermoncton.com\\\/fr\\\/#website\"},\"datePublished\":\"2019-05-05T17:20:25+00:00\",\"dateModified\":\"2025-10-27T20:51:31+00:00\",\"breadcrumb\":{\"@id\":\"https:\\\/\\\/volunteergreatermoncton.com\\\/fr\\\/equipe\\\/#breadcrumb\"},\"inLanguage\":\"fr-FR\",\"potentialAction\":[{\"@type\":\"ReadAction\",\"target\":[\"https:\\\/\\\/volunteergreatermoncton.com\\\/fr\\\/equipe\\\/\"]}]},{\"@type\":\"BreadcrumbList\",\"@id\":\"https:\\\/\\\/volunteergreatermoncton.com\\\/fr\\\/equipe\\\/#breadcrumb\",\"itemListElement\":[{\"@type\":\"ListItem\",\"position\":1,\"name\":\"Home\",\"item\":\"https:\\\/\\\/volunteergreatermoncton.com\\\/fr\\\/\"},{\"@type\":\"ListItem\",\"position\":2,\"name\":\"equipe\"}]},{\"@type\":\"WebSite\",\"@id\":\"https:\\\/\\\/volunteergreatermoncton.com\\\/fr\\\/#website\",\"url\":\"https:\\\/\\\/volunteergreatermoncton.com\\\/fr\\\/\",\"name\":\"Volunteer Centre of Southeastern New Brunswick | Centre du B\u00e9n\u00e9volat du Sud-Est du Nouveau-Brunswick inc.\",\"description\":\"Volunteer Centre of Southeastern New Brunswick\",\"publisher\":{\"@id\":\"https:\\\/\\\/volunteergreatermoncton.com\\\/fr\\\/#organization\"},\"potentialAction\":[{\"@type\":\"SearchAction\",\"target\":{\"@type\":\"EntryPoint\",\"urlTemplate\":\"https:\\\/\\\/volunteergreatermoncton.com\\\/fr\\\/?s={search_term_string}\"},\"query-input\":{\"@type\":\"PropertyValueSpecification\",\"valueRequired\":true,\"valueName\":\"search_term_string\"}}],\"inLanguage\":\"fr-FR\"},{\"@type\":\"Organization\",\"@id\":\"https:\\\/\\\/volunteergreatermoncton.com\\\/fr\\\/#organization\",\"name\":\"Volunteer Centre of Southeastern New Brunswick\",\"url\":\"https:\\\/\\\/volunteergreatermoncton.com\\\/fr\\\/\",\"logo\":{\"@type\":\"ImageObject\",\"inLanguage\":\"fr-FR\",\"@id\":\"https:\\\/\\\/volunteergreatermoncton.com\\\/fr\\\/#\\\/schema\\\/logo\\\/image\\\/\",\"url\":\"https:\\\/\\\/i1.wp.com\\\/volunteergreatermoncton.com\\\/wp-content\\\/uploads\\\/2019\\\/04\\\/volunteer-logo.png?fit=269%2C221&ssl=1\",\"contentUrl\":\"https:\\\/\\\/i1.wp.com\\\/volunteergreatermoncton.com\\\/wp-content\\\/uploads\\\/2019\\\/04\\\/volunteer-logo.png?fit=269%2C221&ssl=1\",\"width\":269,\"height\":221,\"caption\":\"Volunteer Centre of Southeastern New Brunswick\"},\"image\":{\"@id\":\"https:\\\/\\\/volunteergreatermoncton.com\\\/fr\\\/#\\\/schema\\\/logo\\\/image\\\/\"}}]}<\/script>\n<!-- \/ Yoast SEO plugin. -->","yoast_head_json":{"title":"equipe | Volunteer Centre of Southeastern New Brunswick | Centre du B\u00e9n\u00e9volat du Sud-Est du Nouveau-Brunswick inc.","robots":{"index":"index","follow":"follow","max-snippet":"max-snippet:-1","max-image-preview":"max-image-preview:large","max-video-preview":"max-video-preview:-1"},"canonical":"https:\/\/volunteergreatermoncton.com\/fr\/equipe\/","og_locale":"fr_FR","og_type":"article","og_title":"equipe | Volunteer Centre of Southeastern New Brunswick | Centre du B\u00e9n\u00e9volat du Sud-Est du Nouveau-Brunswick inc.","og_description":"Notre \u00e9quipeCentre du B\u00e9n\u00e9volat du Sud-Est du Nouveau-BrunswickMembres du CA pr\u00e9sents au D\u00e9jeuner de reconnaissance 2025. De gauche \u00e0 droite : Gaurav Sayl, Grant Currier, Annette Vautour, directrice administrative, Aubrey [&hellip;]","og_url":"https:\/\/volunteergreatermoncton.com\/fr\/equipe\/","og_site_name":"Volunteer Centre of Southeastern New Brunswick | Centre du B\u00e9n\u00e9volat du Sud-Est du Nouveau-Brunswick inc.","article_modified_time":"2025-10-27T20:51:31+00:00","twitter_card":"summary_large_image","twitter_misc":{"Dur\u00e9e de lecture estim\u00e9e":"4 minutes"},"schema":{"@context":"https:\/\/schema.org","@graph":[{"@type":"WebPage","@id":"https:\/\/volunteergreatermoncton.com\/fr\/equipe\/","url":"https:\/\/volunteergreatermoncton.com\/fr\/equipe\/","name":"equipe | Volunteer Centre of Southeastern New Brunswick | Centre du B\u00e9n\u00e9volat du Sud-Est du Nouveau-Brunswick inc.","isPartOf":{"@id":"https:\/\/volunteergreatermoncton.com\/fr\/#website"},"datePublished":"2019-05-05T17:20:25+00:00","dateModified":"2025-10-27T20:51:31+00:00","breadcrumb":{"@id":"https:\/\/volunteergreatermoncton.com\/fr\/equipe\/#breadcrumb"},"inLanguage":"fr-FR","potentialAction":[{"@type":"ReadAction","target":["https:\/\/volunteergreatermoncton.com\/fr\/equipe\/"]}]},{"@type":"BreadcrumbList","@id":"https:\/\/volunteergreatermoncton.com\/fr\/equipe\/#breadcrumb","itemListElement":[{"@type":"ListItem","position":1,"name":"Home","item":"https:\/\/volunteergreatermoncton.com\/fr\/"},{"@type":"ListItem","position":2,"name":"equipe"}]},{"@type":"WebSite","@id":"https:\/\/volunteergreatermoncton.com\/fr\/#website","url":"https:\/\/volunteergreatermoncton.com\/fr\/","name":"Volunteer Centre of Southeastern New Brunswick | Centre du B\u00e9n\u00e9volat du Sud-Est du Nouveau-Brunswick inc.","description":"Volunteer Centre of Southeastern New Brunswick","publisher":{"@id":"https:\/\/volunteergreatermoncton.com\/fr\/#organization"},"potentialAction":[{"@type":"SearchAction","target":{"@type":"EntryPoint","urlTemplate":"https:\/\/volunteergreatermoncton.com\/fr\/?s={search_term_string}"},"query-input":{"@type":"PropertyValueSpecification","valueRequired":true,"valueName":"search_term_string"}}],"inLanguage":"fr-FR"},{"@type":"Organization","@id":"https:\/\/volunteergreatermoncton.com\/fr\/#organization","name":"Volunteer Centre of Southeastern New Brunswick","url":"https:\/\/volunteergreatermoncton.com\/fr\/","logo":{"@type":"ImageObject","inLanguage":"fr-FR","@id":"https:\/\/volunteergreatermoncton.com\/fr\/#\/schema\/logo\/image\/","url":"https:\/\/i1.wp.com\/volunteergreatermoncton.com\/wp-content\/uploads\/2019\/04\/volunteer-logo.png?fit=269%2C221&ssl=1","contentUrl":"https:\/\/i1.wp.com\/volunteergreatermoncton.com\/wp-content\/uploads\/2019\/04\/volunteer-logo.png?fit=269%2C221&ssl=1","width":269,"height":221,"caption":"Volunteer Centre of Southeastern New Brunswick"},"image":{"@id":"https:\/\/volunteergreatermoncton.com\/fr\/#\/schema\/logo\/image\/"}}]}},"_links":{"self":[{"href":"https:\/\/volunteergreatermoncton.com\/fr\/wp-json\/wp\/v2\/pages\/911","targetHints":{"allow":["GET"]}}],"collection":[{"href":"https:\/\/volunteergreatermoncton.com\/fr\/wp-json\/wp\/v2\/pages"}],"about":[{"href":"https:\/\/volunteergreatermoncton.com\/fr\/wp-json\/wp\/v2\/types\/page"}],"author":[{"embeddable":true,"href":"https:\/\/volunteergreatermoncton.com\/fr\/wp-json\/wp\/v2\/users\/1"}],"replies":[{"embeddable":true,"href":"https:\/\/volunteergreatermoncton.com\/fr\/wp-json\/wp\/v2\/comments?post=911"}],"version-history":[{"count":54,"href":"https:\/\/volunteergreatermoncton.com\/fr\/wp-json\/wp\/v2\/pages\/911\/revisions"}],"predecessor-version":[{"id":24185,"href":"https:\/\/volunteergreatermoncton.com\/fr\/wp-json\/wp\/v2\/pages\/911\/revisions\/24185"}],"wp:attachment":[{"href":"https:\/\/volunteergreatermoncton.com\/fr\/wp-json\/wp\/v2\/media?parent=911"}],"curies":[{"name":"wp","href":"https:\/\/api.w.org\/{rel}","templated":true}]}}