{"id":952,"date":"2019-05-05T15:40:03","date_gmt":"2019-05-05T18:40:03","guid":{"rendered":"https:\/\/volunteergreatermoncton.com\/joindre\/"},"modified":"2025-08-28T15:40:13","modified_gmt":"2025-08-28T18:40:13","slug":"joindre","status":"publish","type":"page","link":"https:\/\/volunteergreatermoncton.com\/fr\/joindre\/","title":{"rendered":"Joindre"},"content":{"rendered":"<p>[et_pb_section fb_built=\u00a0\u00bb1&Prime; next_background_color=\u00a0\u00bb#ffffff\u00a0\u00bb _builder_version=\u00a0\u00bb4.27.4&Prime; background_color=\u00a0\u00bbrgba(51,102,153,0.2)\u00a0\u00bb background_image=\u00a0\u00bbhttps:\/\/volunteergreatermoncton.com\/wp-content\/uploads\/2019\/04\/slide-map.jpg\u00a0\u00bb background_blend=\u00a0\u00bbmultiply\u00a0\u00bb custom_padding=\u00a0\u00bb50px|0px|24px|0px|false|false\u00a0\u00bb bottom_divider_style=\u00a0\u00bbramp2&Prime; global_colors_info=\u00a0\u00bb{}\u00a0\u00bb][et_pb_row _builder_version=\u00a0\u00bb4.18.0&Prime; _module_preset=\u00a0\u00bbdefault\u00a0\u00bb global_colors_info=\u00a0\u00bb{}\u00a0\u00bb][et_pb_column type=\u00a0\u00bb4_4&Prime; _builder_version=\u00a0\u00bb4.18.0&Prime; _module_preset=\u00a0\u00bbdefault\u00a0\u00bb global_colors_info=\u00a0\u00bb{}\u00a0\u00bb][et_pb_text _builder_version=\u00a0\u00bb4.27.4&Prime; _module_preset=\u00a0\u00bbdefault\u00a0\u00bb text_font=\u00a0\u00bb|600|||||||\u00a0\u00bb header_text_align=\u00a0\u00bbcenter\u00a0\u00bb header_text_color=\u00a0\u00bb#FFFFFF\u00a0\u00bb header_text_shadow_style=\u00a0\u00bbpreset1&Prime; global_colors_info=\u00a0\u00bb{}\u00a0\u00bb]<\/p>\n<h1><strong><span style=\"font-size: 150%;\">Contact<\/span><\/strong><br \/>Centre du B\u00e9n\u00e9volat du Sud-Est du Nouveau-Brunswick<\/h1>\n<p>[\/et_pb_text][\/et_pb_column][\/et_pb_row][\/et_pb_section][et_pb_section fb_built=\u00a0\u00bb1&Prime; _builder_version=\u00a0\u00bb4.16&Prime; global_colors_info=\u00a0\u00bb{}\u00a0\u00bb][et_pb_row column_structure=\u00a0\u00bb1_2,1_2&Prime; _builder_version=\u00a0\u00bb4.16&Prime; custom_padding=\u00a0\u00bb0|0px|26.4531px|0px|false|false\u00a0\u00bb global_colors_info=\u00a0\u00bb{}\u00a0\u00bb][et_pb_column type=\u00a0\u00bb1_2&Prime; _builder_version=\u00a0\u00bb4.16&Prime; custom_padding=\u00a0\u00bb|||\u00a0\u00bb global_colors_info=\u00a0\u00bb{}\u00a0\u00bb custom_padding__hover=\u00a0\u00bb|||\u00a0\u00bb][et_pb_text _builder_version=\u00a0\u00bb4.19.1&Prime; global_colors_info=\u00a0\u00bb{}\u00a0\u00bb]<\/p>\n<h2 class=\"mb-sm mt-sm\">Pour nous <strong>joindre<\/strong><\/h2>\n<p><div class=\"wpforms-container wpforms-container-full\" id=\"wpforms-16133\"><form id=\"wpforms-form-16133\" class=\"wpforms-validate wpforms-form wpforms-ajax-form\" data-formid=\"16133\" method=\"post\" enctype=\"multipart\/form-data\" action=\"\/fr\/wp-json\/wp\/v2\/pages\/952\" data-token=\"8a461034f7924e1f3d4e2f617a8ef998\" data-token-time=\"1777456062\"><noscript class=\"wpforms-error-noscript\">Veuillez activer JavaScript dans votre navigateur pour remplir ce formulaire.<\/noscript><div class=\"wpforms-field-container\"><div id=\"wpforms-16133-field_0-container\" class=\"wpforms-field wpforms-field-name\" data-field-id=\"0\"><label class=\"wpforms-field-label\">Nom <span class=\"wpforms-required-label\">*<\/span><\/label><div class=\"wpforms-field-row wpforms-field-medium\"><div class=\"wpforms-field-row-block wpforms-first wpforms-one-half\"><input type=\"text\" id=\"wpforms-16133-field_0\" class=\"wpforms-field-name-first wpforms-field-required\" name=\"wpforms[fields][0][first]\" required><label for=\"wpforms-16133-field_0\" class=\"wpforms-field-sublabel after\">Pr\u00e9nom<\/label><\/div><div class=\"wpforms-field-row-block wpforms-one-half\"><input type=\"text\" id=\"wpforms-16133-field_0-last\" class=\"wpforms-field-name-last wpforms-field-required\" name=\"wpforms[fields][0][last]\" required><label for=\"wpforms-16133-field_0-last\" class=\"wpforms-field-sublabel after\">Nom<\/label><\/div><\/div><\/div><div id=\"wpforms-16133-field_1-container\" class=\"wpforms-field wpforms-field-email\" data-field-id=\"1\"><label class=\"wpforms-field-label\" for=\"wpforms-16133-field_1\">Courriel <span class=\"wpforms-required-label\">*<\/span><\/label><input type=\"email\" id=\"wpforms-16133-field_1\" class=\"wpforms-field-medium wpforms-field-required\" name=\"wpforms[fields][1]\" spellcheck=\"false\" required><\/div><div id=\"wpforms-16133-field_2-container\" class=\"wpforms-field wpforms-field-textarea\" data-field-id=\"2\"><label class=\"wpforms-field-label\" for=\"wpforms-16133-field_2\">Message<\/label><textarea id=\"wpforms-16133-field_2\" class=\"wpforms-field-medium\" name=\"wpforms[fields][2]\" ><\/textarea><\/div><\/div><!-- .wpforms-field-container --><div class=\"wpforms-submit-container\" ><input type=\"hidden\" name=\"wpforms[id]\" value=\"16133\"><input type=\"hidden\" name=\"page_title\" value=\"\"><input type=\"hidden\" name=\"page_url\" value=\"https:\/\/volunteergreatermoncton.com\/fr\/wp-json\/wp\/v2\/pages\/952\"><input type=\"hidden\" name=\"url_referer\" value=\"\"><button type=\"submit\" name=\"wpforms[submit]\" id=\"wpforms-submit-16133\" class=\"wpforms-submit\" data-alt-text=\"En envoi...\" data-submit-text=\"Envoyer\" aria-live=\"assertive\" value=\"wpforms-submit\">Envoyer<\/button><img loading=\"lazy\" decoding=\"async\" src=\"https:\/\/volunteergreatermoncton.com\/wp-content\/plugins\/wpforms\/assets\/images\/submit-spin.svg\" class=\"wpforms-submit-spinner\" style=\"display: none;\" width=\"26\" height=\"26\" alt=\"Chargement en cours\"><\/div><\/form><\/div>  <!-- .wpforms-container -->[\/et_pb_text][\/et_pb_column][et_pb_column type=\u00a0\u00bb1_2&Prime; _builder_version=\u00a0\u00bb4.16&Prime; custom_padding=\u00a0\u00bb|||\u00a0\u00bb global_colors_info=\u00a0\u00bb{}\u00a0\u00bb custom_padding__hover=\u00a0\u00bb|||\u00a0\u00bb][et_pb_cta button_url=\u00a0\u00bbhttps:\/\/www.google.com\/maps\/place\/795+Rue+Main,+Moncton,+NB+E1C+1E9\/@46.0887621,-64.7813897,17z\/data=!3m1!4b1!4m6!3m5!1s0x4ca0b9395dd8229b:0x6c1fefe2e2ab51e5!8m2!3d46.0887584!4d-64.7788148!16s%2Fg%2F11b8v6tksd?entry=ttu\u00a0\u00bb url_new_window=\u00a0\u00bbon\u00a0\u00bb button_text=\u00a0\u00bbAgrandir la carte\u00a0\u00bb _builder_version=\u00a0\u00bb4.27.4&Prime; header_font=\u00a0\u00bb|600|||||||\u00a0\u00bb header_text_color=\u00a0\u00bb#336699&Prime; body_font=\u00a0\u00bb||||||||\u00a0\u00bb body_text_color=\u00a0\u00bb#000000&Prime; use_background_color=\u00a0\u00bboff\u00a0\u00bb custom_button=\u00a0\u00bbon\u00a0\u00bb button_text_size=\u00a0\u00bb16px\u00a0\u00bb button_text_color=\u00a0\u00bb#ffffff\u00a0\u00bb button_bg_color=\u00a0\u00bb#336699&Prime; button_border_width=\u00a0\u00bb1px\u00a0\u00bb button_border_color=\u00a0\u00bbRGBA(255,255,255,0)\u00a0\u00bb button_border_radius=\u00a0\u00bb0px\u00a0\u00bb button_font=\u00a0\u00bb|600|||||||\u00a0\u00bb button_icon=\u00a0\u00bb&#xe081;||divi||400&Prime; button_icon_color=\u00a0\u00bb#ffffff\u00a0\u00bb button_icon_placement=\u00a0\u00bbleft\u00a0\u00bb button_on_hover=\u00a0\u00bboff\u00a0\u00bb text_orientation=\u00a0\u00bbleft\u00a0\u00bb max_width=\u00a0\u00bb100%\u00a0\u00bb custom_padding=\u00a0\u00bb|0px||0px\u00a0\u00bb link_option_url_new_window=\u00a0\u00bbon\u00a0\u00bb saved_tabs=\u00a0\u00bball\u00a0\u00bb global_colors_info=\u00a0\u00bb{}\u00a0\u00bb]<\/p>\n<h2>Notre bureau<\/h2>\n<p><b>Centre du B\u00e9n\u00e9volat du Sud-Est du Nouveau-Brunswick<\/b><br \/>795, rue Main, Suite 301<br \/>Moncton, Nouveau-Brunswick E1C 1E9<\/p>\n<ul style=\"text-align: left;\">\n<li>T\u00e9l\u00e9phone : <strong>(506) 869-6977<\/strong><\/li>\n<li>T\u00e9l\u00e9copieur. : (506) 853-7856<\/li>\n<li><a href=\"mailto:d.leblanc@volunteergreatermoncton.com\">d.leblanc@volunteergreatermoncton.com<\/a><\/li>\n<\/ul>\n<hr \/>\n<h2>Heures d&rsquo;ouverture<\/h2>\n<ul>\n<li style=\"text-align: left;\">Lundi au vendredi de 8:30 \u00e0 16:30<\/li>\n<\/ul>\n<p><i>Remarque : Le personnel de l&rsquo;administration du Centre de b\u00e9n\u00e9volat continue de travailler de mani\u00e8re hybride. Si vous souhaitez rencontrer en personne un membre du personnel, veuillez contacter :<br \/><strong>Debbi LeBlanc<\/strong> au <strong>506-869-6905<\/strong> ou par courriel \u00e0 <a href=\"mailto:d.leblanc@volunteergreatermoncton.com\">d.leblanc@volunteergreatermoncton.com<\/a>.<\/i><\/p>\n<p>[\/et_pb_cta][et_pb_text _builder_version=\u00a0\u00bb4.27.4&Prime; _module_preset=\u00a0\u00bbdefault\u00a0\u00bb header_2_font=\u00a0\u00bb|600|||||||\u00a0\u00bb header_2_text_color=\u00a0\u00bb#336699&Prime; global_colors_info=\u00a0\u00bb{}\u00a0\u00bb]<\/p>\n<h2>Employ\u00e9es<\/h2>\n<p><strong>Annette Vautour<\/strong><br \/><i>Directrice g\u00e9n\u00e9rale<\/i><br \/><strong>(506) 869-6825<\/strong><br \/><a href=\"mailto:a.vautour@volunteergreatermoncton.com\">a.vautour@volunteergreatermoncton.com<\/a><\/p>\n<p><strong>Debbi LeBlanc<\/strong><br \/><i>Coordinatrice des b\u00e9n\u00e9voles \/ Centre du b\u00e9n\u00e9volat<br \/>Administratrice \/ Programme de conducteurs(trices) b\u00e9n\u00e9voles {Transport Urbain Rural}<\/i><br \/><strong>(506) 869-6905<\/strong><br \/><a href=\"mailto:d.leblanc@volunteergreatermoncton.com\">d.leblanc@volunteergreatermoncton.com<\/a><\/p>\n<p><strong><span>Claire LaBelle<\/span><\/strong><br \/><i>Directrice du programme \/ Service de rel\u00e8ve pour enfants \u00e0 besoins sp\u00e9ciaux<\/i><br \/><strong>(506) 869-6774<\/strong>, cell #<strong><span> 506-269-4254<\/span><\/strong><br \/><a href=\"mailto:c.labelle@volunteergreatermoncton.com\">c.labelle@volunteergreatermoncton.com<\/a><\/p>\n<p><strong>Shawnda Cohen<\/strong><br \/><i>Directrice du programme \/ Services de Soutien \u00e0 la Famille<\/i><br \/><strong>(506) 869-6772<\/strong><br \/><a href=\"mailto:s.cohen@volunteergreatermoncton.com\">s.cohen@volunteergreatermoncton.com<\/a><\/p>\n<p><strong>Vicki Roy<\/strong><br \/><i>Responsable des pr\u00e9pos\u00e9s \/ Services d&rsquo;assistants partag\u00e9s<\/i><br \/><strong>(506) 382-9386<\/strong><br \/><a href=\"mailto:v.roy@volunteergreatermoncton.com\">v.roy@volunteergreatermoncton.com<\/a><\/p>\n<p><strong> Juan Pablo Perez<\/strong><br \/><i>VCB Assistant de programme (Soutien administratif)<\/i><br \/><strong>(506) 269-9597<\/strong><br \/><a href=\"mailto:j.perez@volunteergreatermoncton.com\">j.perez@volunteergreatermoncton.com<\/a><\/p>\n<p><strong>Brenda Halliday<\/strong><br \/><i>Comptable \/ Paie\/Facturations<\/i><br \/><strong>(506) 869-6746<\/strong><br \/><a href=\"mailto:b.halliday@volunteergreatermoncton.com\">b.halliday@volunteergreatermoncton.com<strong><\/strong><\/a><\/p>\n<p><strong>Marina Wright<\/strong><br \/><i>Comptable \/ Comptabilit\u00e9<\/i><br \/><strong>(506) 869-7028<\/strong><br \/><a href=\"mailto:m.wright@volunteergreatermoncton.com\">m.wright@volunteergreatermoncton.com<\/a><i><\/i><\/p>\n<p>[\/et_pb_text][\/et_pb_column][\/et_pb_row][\/et_pb_section][et_pb_section fb_built=\u00a0\u00bb1&Prime; _builder_version=\u00a0\u00bb4.27.4&Prime; _module_preset=\u00a0\u00bbdefault\u00a0\u00bb background_color=\u00a0\u00bb#336699&Prime; custom_padding=\u00a0\u00bb0px||0px||false|false\u00a0\u00bb global_module=\u00a0\u00bb22421&Prime; saved_tabs=\u00a0\u00bball\u00a0\u00bb locked=\u00a0\u00bboff\u00a0\u00bb global_colors_info=\u00a0\u00bb{}\u00a0\u00bb][et_pb_row column_structure=\u00a0\u00bb1_4,1_2,1_4&Prime; make_equal=\u00a0\u00bbon\u00a0\u00bb _builder_version=\u00a0\u00bb4.27.4&Prime; _module_preset=\u00a0\u00bbdefault\u00a0\u00bb custom_css_main_element=\u00a0\u00bb\t||align-items: center;\u00a0\u00bb custom_css_free_form=\u00a0\u00bb\t||\u00a0\u00bb global_colors_info=\u00a0\u00bb{}\u00a0\u00bb][et_pb_column type=\u00a0\u00bb1_4&Prime; _builder_version=\u00a0\u00bb4.27.4&Prime; _module_preset=\u00a0\u00bbdefault\u00a0\u00bb global_colors_info=\u00a0\u00bb{}\u00a0\u00bb][et_pb_image src=\u00a0\u00bbhttps:\/\/volunteergreatermoncton.com\/wp-content\/uploads\/2025\/07\/logoFichier-2VCSENB-White.png\u00a0\u00bb title_text=\u00a0\u00bblogoFichier 2VCSENB-White\u00a0\u00bb align=\u00a0\u00bbcenter\u00a0\u00bb _builder_version=\u00a0\u00bb4.27.4&Prime; _module_preset=\u00a0\u00bbdefault\u00a0\u00bb max_width=\u00a0\u00bb400px\u00a0\u00bb global_colors_info=\u00a0\u00bb{}\u00a0\u00bb][\/et_pb_image][\/et_pb_column][et_pb_column type=\u00a0\u00bb1_2&Prime; _builder_version=\u00a0\u00bb4.27.4&Prime; _module_preset=\u00a0\u00bbdefault\u00a0\u00bb global_colors_info=\u00a0\u00bb{}\u00a0\u00bb][et_pb_text _builder_version=\u00a0\u00bb4.27.4&Prime; _module_preset=\u00a0\u00bbdefault\u00a0\u00bb text_text_color=\u00a0\u00bb#FFFFFF\u00a0\u00bb text_line_height=\u00a0\u00bb1.4em\u00a0\u00bb header_3_font=\u00a0\u00bb|||on|||||\u00a0\u00bb header_3_text_align=\u00a0\u00bbcenter\u00a0\u00bb header_3_text_color=\u00a0\u00bb#FFFFFF\u00a0\u00bb header_3_font_size=\u00a0\u00bb16px\u00a0\u00bb text_orientation=\u00a0\u00bbcenter\u00a0\u00bb global_colors_info=\u00a0\u00bb{}\u00a0\u00bb]<\/p>\n<p><strong>Centre du b\u00e9n\u00e9volat du Sud-Est du Nouveau-Brunswick inc.<\/strong><br \/>795, rue Main, Suite 301, Moncton NB &#8211; E1C 1E9\u00a0 <strong>(506) 869-6977<\/strong><br \/><a style=\"color: #ffffff;\" href=\"mailto:d.leblanc@volunteergreatermoncton.com\">d.leblanc@volunteergreatermoncton.com<\/a><\/p>\n<p>[\/et_pb_text][\/et_pb_column][et_pb_column type=\u00a0\u00bb1_4&Prime; _builder_version=\u00a0\u00bb4.27.4&Prime; _module_preset=\u00a0\u00bbdefault\u00a0\u00bb global_colors_info=\u00a0\u00bb{}\u00a0\u00bb][et_pb_image src=\u00a0\u00bbhttps:\/\/volunteergreatermoncton.com\/wp-content\/uploads\/2025\/07\/CanaDon.png\u00a0\u00bb title_text=\u00a0\u00bbCanaDon\u00a0\u00bb url=\u00a0\u00bbhttps:\/\/www.canadahelps.org\/fr\/charities\/id\/23869\/\u00a0\u00bb show_bottom_space=\u00a0\u00bboff\u00a0\u00bb align=\u00a0\u00bbcenter\u00a0\u00bb _builder_version=\u00a0\u00bb4.27.4&Prime; _module_preset=\u00a0\u00bbdefault\u00a0\u00bb width=\u00a0\u00bb300px\u00a0\u00bb global_colors_info=\u00a0\u00bb{}\u00a0\u00bb][\/et_pb_image][et_pb_text _builder_version=\u00a0\u00bb4.27.4&Prime; _module_preset=\u00a0\u00bbdefault\u00a0\u00bb header_3_font=\u00a0\u00bb|||on|||||\u00a0\u00bb header_3_text_align=\u00a0\u00bbcenter\u00a0\u00bb header_3_text_color=\u00a0\u00bb#FFFFFF\u00a0\u00bb text_orientation=\u00a0\u00bbcenter\u00a0\u00bb custom_margin=\u00a0\u00bb0px||||false|false\u00a0\u00bb custom_padding=\u00a0\u00bb0px||||false|false\u00a0\u00bb link_option_url=\u00a0\u00bbhttps:\/\/www.canadahelps.org\/fr\/charities\/id\/23869\/\u00a0\u00bb global_colors_info=\u00a0\u00bb{}\u00a0\u00bb]<\/p>\n<h3>Faire un don<\/h3>\n<p>[\/et_pb_text][\/et_pb_column][\/et_pb_row][\/et_pb_section]<\/p>\n","protected":false},"excerpt":{"rendered":"<p>ContactCentre du B\u00e9n\u00e9volat du Sud-Est du Nouveau-BrunswickPour nous joindre<div class=\"wpforms-container wpforms-container-full\" id=\"wpforms-16133\"><form id=\"wpforms-form-16133\" class=\"wpforms-validate wpforms-form wpforms-ajax-form\" data-formid=\"16133\" method=\"post\" enctype=\"multipart\/form-data\" action=\"\/fr\/wp-json\/wp\/v2\/pages\/952\" data-token=\"8a461034f7924e1f3d4e2f617a8ef998\" data-token-time=\"1777456062\"><noscript class=\"wpforms-error-noscript\">Veuillez activer JavaScript dans votre navigateur pour remplir ce formulaire.<\/noscript><div class=\"wpforms-field-container\"><div id=\"wpforms-16133-field_0-container\" class=\"wpforms-field wpforms-field-name\" data-field-id=\"0\"><label class=\"wpforms-field-label\">Nom <span class=\"wpforms-required-label\">*<\/span><\/label><div class=\"wpforms-field-row wpforms-field-medium\"><div class=\"wpforms-field-row-block wpforms-first wpforms-one-half\"><input type=\"text\" id=\"wpforms-16133-field_0\" class=\"wpforms-field-name-first wpforms-field-required\" name=\"wpforms[fields][0][first]\" required><label for=\"wpforms-16133-field_0\" class=\"wpforms-field-sublabel after\">Pr\u00e9nom<\/label><\/div><div class=\"wpforms-field-row-block wpforms-one-half\"><input type=\"text\" id=\"wpforms-16133-field_0-last\" class=\"wpforms-field-name-last wpforms-field-required\" name=\"wpforms[fields][0][last]\" required><label for=\"wpforms-16133-field_0-last\" class=\"wpforms-field-sublabel after\">Nom<\/label><\/div><\/div><\/div><div id=\"wpforms-16133-field_1-container\" class=\"wpforms-field wpforms-field-email\" data-field-id=\"1\"><label class=\"wpforms-field-label\" for=\"wpforms-16133-field_1\">Courriel <span class=\"wpforms-required-label\">*<\/span><\/label><input type=\"email\" id=\"wpforms-16133-field_1\" class=\"wpforms-field-medium wpforms-field-required\" name=\"wpforms[fields][1]\" spellcheck=\"false\" required><\/div><div id=\"wpforms-16133-field_2-container\" class=\"wpforms-field wpforms-field-textarea\" data-field-id=\"2\"><label class=\"wpforms-field-label\" for=\"wpforms-16133-field_2\">Message<\/label><textarea id=\"wpforms-16133-field_2\" class=\"wpforms-field-medium\" name=\"wpforms[fields][2]\" ><\/textarea><\/div><\/div><!-- .wpforms-field-container --><div class=\"wpforms-submit-container\" ><input type=\"hidden\" name=\"wpforms[id]\" value=\"16133\"><input type=\"hidden\" name=\"page_title\" value=\"\"><input type=\"hidden\" name=\"page_url\" value=\"https:\/\/volunteergreatermoncton.com\/fr\/wp-json\/wp\/v2\/pages\/952\"><input type=\"hidden\" name=\"url_referer\" value=\"\"><button type=\"submit\" name=\"wpforms[submit]\" id=\"wpforms-submit-16133\" class=\"wpforms-submit\" data-alt-text=\"En envoi...\" data-submit-text=\"Envoyer\" aria-live=\"assertive\" value=\"wpforms-submit\">Envoyer<\/button><img loading=\"lazy\" decoding=\"async\" src=\"https:\/\/volunteergreatermoncton.com\/wp-content\/plugins\/wpforms\/assets\/images\/submit-spin.svg\" class=\"wpforms-submit-spinner\" style=\"display: none;\" width=\"26\" height=\"26\" alt=\"Chargement en cours\"><\/div><\/form><\/div>  <!-- .wpforms-container -->Notre bureau Centre du B\u00e9n\u00e9volat du Sud-Est du Nouveau-Brunswick795, rue Main, Suite 301Moncton, Nouveau-Brunswick E1C 1E9 T\u00e9l\u00e9phone : (506) 869-6977 T\u00e9l\u00e9copieur. [&hellip;]<\/p>\n","protected":false},"author":1,"featured_media":0,"parent":0,"menu_order":0,"comment_status":"closed","ping_status":"closed","template":"","meta":{"_et_pb_use_builder":"on","_et_pb_old_content":"","_et_gb_content_width":"","footnotes":""},"class_list":["post-952","page","type-page","status-publish","hentry"],"yoast_head":"<!-- This site is optimized with the Yoast SEO plugin v27.5 - https:\/\/yoast.com\/product\/yoast-seo-wordpress\/ -->\n<title>Joindre | Volunteer Centre of Southeastern New Brunswick | Centre du B\u00e9n\u00e9volat du Sud-Est du Nouveau-Brunswick inc.<\/title>\n<meta name=\"robots\" content=\"index, follow, max-snippet:-1, max-image-preview:large, max-video-preview:-1\" \/>\n<link rel=\"canonical\" href=\"https:\/\/volunteergreatermoncton.com\/fr\/joindre\/\" \/>\n<meta property=\"og:locale\" content=\"fr_FR\" \/>\n<meta property=\"og:type\" content=\"article\" \/>\n<meta property=\"og:title\" content=\"Joindre | Volunteer Centre of Southeastern New Brunswick | Centre du B\u00e9n\u00e9volat du Sud-Est du Nouveau-Brunswick inc.\" \/>\n<meta property=\"og:description\" content=\"ContactCentre du B\u00e9n\u00e9volat du Sud-Est du Nouveau-BrunswickPour nous joindreNotre bureau Centre du B\u00e9n\u00e9volat du Sud-Est du Nouveau-Brunswick795, rue Main, Suite 301Moncton, Nouveau-Brunswick E1C 1E9 T\u00e9l\u00e9phone : (506) 869-6977 T\u00e9l\u00e9copieur. [&hellip;]\" \/>\n<meta property=\"og:url\" content=\"https:\/\/volunteergreatermoncton.com\/fr\/joindre\/\" \/>\n<meta property=\"og:site_name\" content=\"Volunteer Centre of Southeastern New Brunswick | Centre du B\u00e9n\u00e9volat du Sud-Est du Nouveau-Brunswick inc.\" \/>\n<meta property=\"article:modified_time\" content=\"2025-08-28T18:40:13+00:00\" \/>\n<meta name=\"twitter:card\" content=\"summary_large_image\" \/>\n<meta name=\"twitter:label1\" content=\"Dur\u00e9e de lecture estim\u00e9e\" \/>\n\t<meta name=\"twitter:data1\" content=\"4 minutes\" \/>\n<script type=\"application\/ld+json\" class=\"yoast-schema-graph\">{\"@context\":\"https:\\\/\\\/schema.org\",\"@graph\":[{\"@type\":\"WebPage\",\"@id\":\"https:\\\/\\\/volunteergreatermoncton.com\\\/fr\\\/joindre\\\/\",\"url\":\"https:\\\/\\\/volunteergreatermoncton.com\\\/fr\\\/joindre\\\/\",\"name\":\"Joindre | Volunteer Centre of Southeastern New Brunswick | Centre du B\u00e9n\u00e9volat du Sud-Est du Nouveau-Brunswick inc.\",\"isPartOf\":{\"@id\":\"https:\\\/\\\/volunteergreatermoncton.com\\\/fr\\\/#website\"},\"datePublished\":\"2019-05-05T18:40:03+00:00\",\"dateModified\":\"2025-08-28T18:40:13+00:00\",\"breadcrumb\":{\"@id\":\"https:\\\/\\\/volunteergreatermoncton.com\\\/fr\\\/joindre\\\/#breadcrumb\"},\"inLanguage\":\"fr-FR\",\"potentialAction\":[{\"@type\":\"ReadAction\",\"target\":[\"https:\\\/\\\/volunteergreatermoncton.com\\\/fr\\\/joindre\\\/\"]}]},{\"@type\":\"BreadcrumbList\",\"@id\":\"https:\\\/\\\/volunteergreatermoncton.com\\\/fr\\\/joindre\\\/#breadcrumb\",\"itemListElement\":[{\"@type\":\"ListItem\",\"position\":1,\"name\":\"Home\",\"item\":\"https:\\\/\\\/volunteergreatermoncton.com\\\/fr\\\/\"},{\"@type\":\"ListItem\",\"position\":2,\"name\":\"Joindre\"}]},{\"@type\":\"WebSite\",\"@id\":\"https:\\\/\\\/volunteergreatermoncton.com\\\/fr\\\/#website\",\"url\":\"https:\\\/\\\/volunteergreatermoncton.com\\\/fr\\\/\",\"name\":\"Volunteer Centre of Southeastern New Brunswick | Centre du B\u00e9n\u00e9volat du Sud-Est du Nouveau-Brunswick inc.\",\"description\":\"Volunteer Centre of Southeastern New Brunswick\",\"publisher\":{\"@id\":\"https:\\\/\\\/volunteergreatermoncton.com\\\/fr\\\/#organization\"},\"potentialAction\":[{\"@type\":\"SearchAction\",\"target\":{\"@type\":\"EntryPoint\",\"urlTemplate\":\"https:\\\/\\\/volunteergreatermoncton.com\\\/fr\\\/?s={search_term_string}\"},\"query-input\":{\"@type\":\"PropertyValueSpecification\",\"valueRequired\":true,\"valueName\":\"search_term_string\"}}],\"inLanguage\":\"fr-FR\"},{\"@type\":\"Organization\",\"@id\":\"https:\\\/\\\/volunteergreatermoncton.com\\\/fr\\\/#organization\",\"name\":\"Volunteer Centre of Southeastern New Brunswick\",\"url\":\"https:\\\/\\\/volunteergreatermoncton.com\\\/fr\\\/\",\"logo\":{\"@type\":\"ImageObject\",\"inLanguage\":\"fr-FR\",\"@id\":\"https:\\\/\\\/volunteergreatermoncton.com\\\/fr\\\/#\\\/schema\\\/logo\\\/image\\\/\",\"url\":\"https:\\\/\\\/i1.wp.com\\\/volunteergreatermoncton.com\\\/wp-content\\\/uploads\\\/2019\\\/04\\\/volunteer-logo.png?fit=269%2C221&ssl=1\",\"contentUrl\":\"https:\\\/\\\/i1.wp.com\\\/volunteergreatermoncton.com\\\/wp-content\\\/uploads\\\/2019\\\/04\\\/volunteer-logo.png?fit=269%2C221&ssl=1\",\"width\":269,\"height\":221,\"caption\":\"Volunteer Centre of Southeastern New Brunswick\"},\"image\":{\"@id\":\"https:\\\/\\\/volunteergreatermoncton.com\\\/fr\\\/#\\\/schema\\\/logo\\\/image\\\/\"}}]}<\/script>\n<!-- \/ Yoast SEO plugin. -->","yoast_head_json":{"title":"Joindre | Volunteer Centre of Southeastern New Brunswick | Centre du B\u00e9n\u00e9volat du Sud-Est du Nouveau-Brunswick inc.","robots":{"index":"index","follow":"follow","max-snippet":"max-snippet:-1","max-image-preview":"max-image-preview:large","max-video-preview":"max-video-preview:-1"},"canonical":"https:\/\/volunteergreatermoncton.com\/fr\/joindre\/","og_locale":"fr_FR","og_type":"article","og_title":"Joindre | Volunteer Centre of Southeastern New Brunswick | Centre du B\u00e9n\u00e9volat du Sud-Est du Nouveau-Brunswick inc.","og_description":"ContactCentre du B\u00e9n\u00e9volat du Sud-Est du Nouveau-BrunswickPour nous joindreNotre bureau Centre du B\u00e9n\u00e9volat du Sud-Est du Nouveau-Brunswick795, rue Main, Suite 301Moncton, Nouveau-Brunswick E1C 1E9 T\u00e9l\u00e9phone : (506) 869-6977 T\u00e9l\u00e9copieur. [&hellip;]","og_url":"https:\/\/volunteergreatermoncton.com\/fr\/joindre\/","og_site_name":"Volunteer Centre of Southeastern New Brunswick | Centre du B\u00e9n\u00e9volat du Sud-Est du Nouveau-Brunswick inc.","article_modified_time":"2025-08-28T18:40:13+00:00","twitter_card":"summary_large_image","twitter_misc":{"Dur\u00e9e de lecture estim\u00e9e":"4 minutes"},"schema":{"@context":"https:\/\/schema.org","@graph":[{"@type":"WebPage","@id":"https:\/\/volunteergreatermoncton.com\/fr\/joindre\/","url":"https:\/\/volunteergreatermoncton.com\/fr\/joindre\/","name":"Joindre | Volunteer Centre of Southeastern New Brunswick | Centre du B\u00e9n\u00e9volat du Sud-Est du Nouveau-Brunswick inc.","isPartOf":{"@id":"https:\/\/volunteergreatermoncton.com\/fr\/#website"},"datePublished":"2019-05-05T18:40:03+00:00","dateModified":"2025-08-28T18:40:13+00:00","breadcrumb":{"@id":"https:\/\/volunteergreatermoncton.com\/fr\/joindre\/#breadcrumb"},"inLanguage":"fr-FR","potentialAction":[{"@type":"ReadAction","target":["https:\/\/volunteergreatermoncton.com\/fr\/joindre\/"]}]},{"@type":"BreadcrumbList","@id":"https:\/\/volunteergreatermoncton.com\/fr\/joindre\/#breadcrumb","itemListElement":[{"@type":"ListItem","position":1,"name":"Home","item":"https:\/\/volunteergreatermoncton.com\/fr\/"},{"@type":"ListItem","position":2,"name":"Joindre"}]},{"@type":"WebSite","@id":"https:\/\/volunteergreatermoncton.com\/fr\/#website","url":"https:\/\/volunteergreatermoncton.com\/fr\/","name":"Volunteer Centre of Southeastern New Brunswick | Centre du B\u00e9n\u00e9volat du Sud-Est du Nouveau-Brunswick inc.","description":"Volunteer Centre of Southeastern New Brunswick","publisher":{"@id":"https:\/\/volunteergreatermoncton.com\/fr\/#organization"},"potentialAction":[{"@type":"SearchAction","target":{"@type":"EntryPoint","urlTemplate":"https:\/\/volunteergreatermoncton.com\/fr\/?s={search_term_string}"},"query-input":{"@type":"PropertyValueSpecification","valueRequired":true,"valueName":"search_term_string"}}],"inLanguage":"fr-FR"},{"@type":"Organization","@id":"https:\/\/volunteergreatermoncton.com\/fr\/#organization","name":"Volunteer Centre of Southeastern New Brunswick","url":"https:\/\/volunteergreatermoncton.com\/fr\/","logo":{"@type":"ImageObject","inLanguage":"fr-FR","@id":"https:\/\/volunteergreatermoncton.com\/fr\/#\/schema\/logo\/image\/","url":"https:\/\/i1.wp.com\/volunteergreatermoncton.com\/wp-content\/uploads\/2019\/04\/volunteer-logo.png?fit=269%2C221&ssl=1","contentUrl":"https:\/\/i1.wp.com\/volunteergreatermoncton.com\/wp-content\/uploads\/2019\/04\/volunteer-logo.png?fit=269%2C221&ssl=1","width":269,"height":221,"caption":"Volunteer Centre of Southeastern New Brunswick"},"image":{"@id":"https:\/\/volunteergreatermoncton.com\/fr\/#\/schema\/logo\/image\/"}}]}},"_links":{"self":[{"href":"https:\/\/volunteergreatermoncton.com\/fr\/wp-json\/wp\/v2\/pages\/952","targetHints":{"allow":["GET"]}}],"collection":[{"href":"https:\/\/volunteergreatermoncton.com\/fr\/wp-json\/wp\/v2\/pages"}],"about":[{"href":"https:\/\/volunteergreatermoncton.com\/fr\/wp-json\/wp\/v2\/types\/page"}],"author":[{"embeddable":true,"href":"https:\/\/volunteergreatermoncton.com\/fr\/wp-json\/wp\/v2\/users\/1"}],"replies":[{"embeddable":true,"href":"https:\/\/volunteergreatermoncton.com\/fr\/wp-json\/wp\/v2\/comments?post=952"}],"version-history":[{"count":40,"href":"https:\/\/volunteergreatermoncton.com\/fr\/wp-json\/wp\/v2\/pages\/952\/revisions"}],"predecessor-version":[{"id":23815,"href":"https:\/\/volunteergreatermoncton.com\/fr\/wp-json\/wp\/v2\/pages\/952\/revisions\/23815"}],"wp:attachment":[{"href":"https:\/\/volunteergreatermoncton.com\/fr\/wp-json\/wp\/v2\/media?parent=952"}],"curies":[{"name":"wp","href":"https:\/\/api.w.org\/{rel}","templated":true}]}}